{"id":164,"date":"2022-11-02T19:49:18","date_gmt":"2022-11-02T18:49:18","guid":{"rendered":"https:\/\/mtelektronika.hu\/?page_id=164"},"modified":"2026-01-15T10:21:32","modified_gmt":"2026-01-15T09:21:32","slug":"mt-elektronika-kft-bemutatkozas-cegadatok-kapcsolat-cegtortenet-halozatepites-telekommunikacio","status":"publish","type":"page","link":"https:\/\/mtelektronika.hu\/?page_id=164","title":{"rendered":"Bemutatkoz\u00e1s"},"content":{"rendered":"<h1>A mi csapatunk<\/h1>\n<p>Bemutatkoz\u00e1s<\/p>\n<h5>C\u00e9gt\u00f6rt\u00e9net<\/h5>\n<p>\t\t\t<a href=\"#\" role=\"button\"><br \/>\n\t\t\t\t\t\t0630\/6849610<br \/>\n\t\t\t\t\t<\/a><br \/>\n\t\t\t<a href=\"#\" role=\"button\"><br \/>\n\t\t\t\t\t\tiroda@mtelektronika.hu<br \/>\n\t\t\t\t\t<\/a><br \/>\n\t\t\t\t\t\t\t\t\t\t\t\t\t\t\t<img decoding=\"async\" width=\"800\" height=\"534\" src=\"https:\/\/mtelektronika.hu\/wp-content\/uploads\/2022\/11\/Cable_33-1024x683.jpg\" alt=\"\" loading=\"lazy\" srcset=\"https:\/\/mtelektronika.hu\/wp-content\/uploads\/2022\/11\/Cable_33-1024x683.jpg 1024w, https:\/\/mtelektronika.hu\/wp-content\/uploads\/2022\/11\/Cable_33-300x200.jpg 300w, https:\/\/mtelektronika.hu\/wp-content\/uploads\/2022\/11\/Cable_33-768x512.jpg 768w, https:\/\/mtelektronika.hu\/wp-content\/uploads\/2022\/11\/Cable_33-1536x1024.jpg 1536w, https:\/\/mtelektronika.hu\/wp-content\/uploads\/2022\/11\/Cable_33.jpg 2048w\" sizes=\"auto, (max-width: 800px) 100vw, 800px\" \/>\t\t\t\t\t\t\t\t\t\t\t\t\t\t\t<\/p>\n<p>A M\u00e9sz\u00e1ros \u00e9s T\u00e1rsa Elektronikai Kft. egy teljess\u00e9g\u00e9ben<br \/>\nmagyar tulajdonban l\u00e9v\u0151 t\u00e1vk\u00f6zl\u00e9stechnikai v\u00e1llalkoz\u00e1s.<\/p>\n<p>C\u00e9g\u00fcnk 2007-t\u0151l viszi<br \/>\ntov\u00e1bb egy 1992-ben alakult egy\u00e9ni v\u00e1llalkoz\u00e1s munk\u00e1ss\u00e1g\u00e1t. Megb\u00edzhat\u00f3s\u00e1gunk<br \/>\nalapj\u00e1t a t\u00f6bb \u00e9vtizedes tapasztalatunk \u00e9s szak\u00e9rtelm\u00fcnk k\u00e9pezi.<o:p><\/o:p><\/p>\n<\/p>\n<p>Sz\u00e1mos nagy t\u00e1vk\u00f6zl\u00e9si szolg\u00e1ltat\u00f3 sz\u00e1m\u00e1ra v\u00e9gezt\u00fcnk, \u00e9s a<br \/>\nmai napig v\u00e9gz\u00fcnk h\u00e1l\u00f3zat\u00e9p\u00edt\u00e9si, l\u00e9tes\u00edt\u00e9si, hibaelh\u00e1r\u00edt\u00e1si \u00e9s fenntart\u00e1si<br \/>\nfeladatokat.; legf\u0151bb, kiemelt partner\u00fcnk a kezdetekt\u0151l a Magyar Telekom Nyrt.<o:p><\/o:p><\/p>\n<p>MT Elektronika<\/p>\n<h3>C\u00e9gvezet\u00e9s<\/h3>\n<p>\t\t\t\t\t\t\t\t\t\t\t\t\t\t\t<img decoding=\"async\" src=\"https:\/\/mtelektronika.hu\/wp-content\/uploads\/elementor\/thumbs\/Meszaros-Zoltan_web-pxvyb8dpeloq5xj0t07jdl6woyjxl7hhxixz3judk0.jpg\" title=\"M\u00e9sz\u00e1ros Zolt\u00e1n_web\" alt=\"M\u00e9sz\u00e1ros Zolt\u00e1n_web\" loading=\"lazy\" \/>\t\t\t\t\t\t\t\t\t\t\t\t\t\t\t<\/p>\n<h5>M\u00e9sz\u00e1ros Zolt\u00e1n<\/h5>\n<p>Alap\u00edt\u00f3, C\u00e9gtulajdonos,<\/p>\n<p>\t\t\t\t\t\t\t\t\t\t\t\t\t\t\t<img decoding=\"async\" src=\"https:\/\/mtelektronika.hu\/wp-content\/uploads\/elementor\/thumbs\/zonci_web-pxvybb77z3sl4rexcjff32hah4618asoxwwfjdq71c.jpg\" title=\"zonci_web\" alt=\"zonci_web\" loading=\"lazy\" \/>\t\t\t\t\t\t\t\t\t\t\t\t\t\t\t<\/p>\n<h5>M\u00e9sz\u00e1ros Zolt\u00e1n (ifj.)<\/h5>\n<p>\u00fcgyvezet\u0151, c\u00e9gtulajdonos<\/p>\n<p>\t\t\t\t\t\t\t\t\t\t\t\t\t\t\t<img decoding=\"async\" src=\"https:\/\/mtelektronika.hu\/wp-content\/uploads\/elementor\/thumbs\/Balint-Laszlo_web-rotated-q3xsj1buxi7qyi9efslido3n0u69nujeatgmangf1c.jpg\" title=\"B\u00e1lint L\u00e1szl\u00f3_web\" alt=\"B\u00e1lint L\u00e1szl\u00f3_web\" loading=\"lazy\" \/>\t\t\t\t\t\t\t\t\t\t\t\t\t\t\t<\/p>\n<h5>B\u00e1lint L\u00e1szl\u00f3<\/h5>\n<p>Projekt Menedzser<\/p>\n<h3>Min\u0151s\u00e9gpolitika<\/h3>\n<p>\t\t\t\t\t\t\t\t\t\t\t\t\t\t\t<img decoding=\"async\" width=\"300\" height=\"169\" src=\"https:\/\/mtelektronika.hu\/wp-content\/uploads\/2023\/03\/Logo32_800x450-300x169.png\" alt=\"\" loading=\"lazy\" srcset=\"https:\/\/mtelektronika.hu\/wp-content\/uploads\/2023\/03\/Logo32_800x450-300x169.png 300w, https:\/\/mtelektronika.hu\/wp-content\/uploads\/2023\/03\/Logo32_800x450-768x432.png 768w, https:\/\/mtelektronika.hu\/wp-content\/uploads\/2023\/03\/Logo32_800x450.png 800w\" sizes=\"auto, (max-width: 300px) 100vw, 300px\" \/>\t\t\t\t\t\t\t\t\t\t\t\t\t\t\t<\/p>\n<p>A M\u00e9sz\u00e1ros \u00e9s T\u00e1rsa Elektronikai Kft. vezet\u0151s\u00e9g\u00e9nek alapvet\u0151 c\u00e9lja, hogy a c\u00e9g tev\u00e9kenys\u00e9geit az el\u00e9rhet\u0151 legjobb technol\u00f3giai szinten \u00e9s min\u0151s\u00e9gben, gazdas\u00e1gosan v\u00e9gezze. Nagy hangs\u00falyt fektet\u00fcnk munkat\u00e1rsaink k\u00e9pz\u00e9s\u00e9re, a kivitelez\u00e9s min\u0151s\u00e9g\u00e9nek fejleszt\u00e9s\u00e9re, \u00e9s a technol\u00f3gi\u00e1k naprak\u00e9szen tart\u00e1s\u00e1ra. Ugyanakkor a t\u00e1rsas\u00e1g valamennyi munkat\u00e1rsa \u00e9s alv\u00e1llalkoz\u00f3ja felel\u0151s saj\u00e1t munk\u00e1j\u00e1nak min\u0151s\u00e9g\u00e9\u00e9rt, szakmai tud\u00e1s\u00e1nak \u00e1pol\u00e1s\u00e1\u00e9rt \u00e9s m\u00e9ly\u00edt\u00e9s\u00e9\u00e9rt, maxim\u00e1lis \u00fczemi biztons\u00e1g fenntart\u00e1s\u00e1ra, amiben c\u00e9g\u00fcnkt\u0151l teljes t\u00e1mogat\u00e1st kapnak. Kiemelt c\u00e9lunk, hogy a szolg\u00e1ltat\u00e1saink spektrum\u00e1nak sz\u00e9les\u00edt\u00e9s\u00e9vel a sz\u00ednvonalat magas szinten tartsuk, \u00e9s partnereink k\u00edv\u00e1nalmainak teljes m\u00e9rt\u00e9kben megfelelj\u00fcnk.<\/p>\n<h2>C\u00c9GADATOK:<\/h2>\n<p><strong>Neve: <\/strong>M\u00e9sz\u00e1ros \u00e9s T\u00e1rsa Elektronikai Kft.<strong><br \/>C\u00edme: <\/strong>7632 P\u00e9cs, Megyeri \u00fat 64.<strong><br \/>Ad\u00f3sz\u00e1ma: <\/strong>13939009-2-02<strong><br \/>C\u00e9gjegyz\u00e9ksz\u00e1ma: <\/strong>02-09-071393<\/p>\n","protected":false},"excerpt":{"rendered":"<p>A mi csapatunk Bemutatkoz\u00e1s C\u00e9gt\u00f6rt\u00e9net 0630\/6849610 iroda@mtelektronika.hu A M\u00e9sz\u00e1ros \u00e9s T\u00e1rsa Elektronikai Kft. egy teljess\u00e9g\u00e9ben magyar tulajdonban l\u00e9v\u0151 t\u00e1vk\u00f6zl\u00e9stechnikai v\u00e1llalkoz\u00e1s. C\u00e9g\u00fcnk 2007-t\u0151l viszi tov\u00e1bb egy 1992-ben alakult egy\u00e9ni v\u00e1llalkoz\u00e1s munk\u00e1ss\u00e1g\u00e1t. Megb\u00edzhat\u00f3s\u00e1gunk alapj\u00e1t a t\u00f6bb \u00e9vtizedes tapasztalatunk \u00e9s szak\u00e9rtelm\u00fcnk k\u00e9pezi. Sz\u00e1mos nagy t\u00e1vk\u00f6zl\u00e9si szolg\u00e1ltat\u00f3 sz\u00e1m\u00e1ra v\u00e9gezt\u00fcnk, \u00e9s a mai napig v\u00e9gz\u00fcnk h\u00e1l\u00f3zat\u00e9p\u00edt\u00e9si, l\u00e9tes\u00edt\u00e9si, hibaelh\u00e1r\u00edt\u00e1si \u00e9s fenntart\u00e1si [&hellip;]<\/p>\n","protected":false},"author":1,"featured_media":0,"parent":0,"menu_order":0,"comment_status":"closed","ping_status":"closed","template":"","meta":{"footnotes":""},"class_list":["post-164","page","type-page","status-publish","hentry"],"yoast_head":"<!-- This site is optimized with the Yoast SEO plugin v20.5 - https:\/\/yoast.com\/wordpress\/plugins\/seo\/ -->\n<title>Bemutatkoz\u00e1s - MT Elektronika<\/title>\n<meta name=\"description\" content=\"C\u00e9gadatok, T\u00f6rt\u00e9net, V\u00e1llalatpolitika, Min\u0151s\u00e9g\u00fcgyi elhivatotts\u00e1g, C\u00e9gvezet\u00e9s, Kapcsolati datok, Telekommunik\u00e1ci\u00f3, Telecommunications\" \/>\n<meta name=\"robots\" content=\"index, follow, max-snippet:-1, max-image-preview:large, max-video-preview:-1\" \/>\n<link rel=\"canonical\" href=\"https:\/\/mtelektronika.hu\/?page_id=164\" \/>\n<meta property=\"og:locale\" content=\"hu_HU\" \/>\n<meta property=\"og:type\" content=\"article\" \/>\n<meta property=\"og:title\" content=\"Bemutatkoz\u00e1s - MT Elektronika\" \/>\n<meta property=\"og:description\" content=\"C\u00e9gadatok, T\u00f6rt\u00e9net, V\u00e1llalatpolitika, Min\u0151s\u00e9g\u00fcgyi elhivatotts\u00e1g, C\u00e9gvezet\u00e9s, Kapcsolati datok, Telekommunik\u00e1ci\u00f3, Telecommunications\" \/>\n<meta property=\"og:url\" content=\"https:\/\/mtelektronika.hu\/?page_id=164\" \/>\n<meta property=\"og:site_name\" content=\"MT Elektronika\" \/>\n<meta property=\"article:modified_time\" content=\"2026-01-15T09:21:32+00:00\" \/>\n<meta property=\"og:image\" content=\"https:\/\/mtelektronika.hu\/wp-content\/uploads\/2022\/11\/Cable_33-1024x683.jpg\" \/>\n<meta name=\"twitter:card\" content=\"summary_large_image\" \/>\n<meta name=\"twitter:label1\" content=\"Becs\u00fclt olvas\u00e1si id\u0151\" \/>\n\t<meta name=\"twitter:data1\" content=\"2 perc\" \/>\n<script type=\"application\/ld+json\" class=\"yoast-schema-graph\">{\"@context\":\"https:\/\/schema.org\",\"@graph\":[{\"@type\":\"WebPage\",\"@id\":\"https:\/\/mtelektronika.hu\/?page_id=164\",\"url\":\"https:\/\/mtelektronika.hu\/?page_id=164\",\"name\":\"Bemutatkoz\u00e1s - MT Elektronika\",\"isPartOf\":{\"@id\":\"https:\/\/mtelektronika.hu\/#website\"},\"datePublished\":\"2022-11-02T18:49:18+00:00\",\"dateModified\":\"2026-01-15T09:21:32+00:00\",\"description\":\"C\u00e9gadatok, T\u00f6rt\u00e9net, V\u00e1llalatpolitika, Min\u0151s\u00e9g\u00fcgyi elhivatotts\u00e1g, C\u00e9gvezet\u00e9s, Kapcsolati datok, Telekommunik\u00e1ci\u00f3, Telecommunications\",\"breadcrumb\":{\"@id\":\"https:\/\/mtelektronika.hu\/?page_id=164#breadcrumb\"},\"inLanguage\":\"hu\",\"potentialAction\":[{\"@type\":\"ReadAction\",\"target\":[\"https:\/\/mtelektronika.hu\/?page_id=164\"]}]},{\"@type\":\"BreadcrumbList\",\"@id\":\"https:\/\/mtelektronika.hu\/?page_id=164#breadcrumb\",\"itemListElement\":[{\"@type\":\"ListItem\",\"position\":1,\"name\":\"Kezd\u0151lap\",\"item\":\"https:\/\/mtelektronika.hu\/\"},{\"@type\":\"ListItem\",\"position\":2,\"name\":\"Bemutatkoz\u00e1s\"}]},{\"@type\":\"WebSite\",\"@id\":\"https:\/\/mtelektronika.hu\/#website\",\"url\":\"https:\/\/mtelektronika.hu\/\",\"name\":\"MT Elektronika\",\"description\":\"MT elektronika h\u00e1l\u00f3zat\u00e9p\u00edt\u00e9s\",\"publisher\":{\"@id\":\"https:\/\/mtelektronika.hu\/#organization\"},\"potentialAction\":[{\"@type\":\"SearchAction\",\"target\":{\"@type\":\"EntryPoint\",\"urlTemplate\":\"https:\/\/mtelektronika.hu\/?s={search_term_string}\"},\"query-input\":\"required name=search_term_string\"}],\"inLanguage\":\"hu\"},{\"@type\":\"Organization\",\"@id\":\"https:\/\/mtelektronika.hu\/#organization\",\"name\":\"MT Elektronika\",\"url\":\"https:\/\/mtelektronika.hu\/\",\"logo\":{\"@type\":\"ImageObject\",\"inLanguage\":\"hu\",\"@id\":\"https:\/\/mtelektronika.hu\/#\/schema\/logo\/image\/\",\"url\":\"https:\/\/mtelektronika.hu\/wp-content\/uploads\/2022\/10\/Logo32_512x588.png\",\"contentUrl\":\"https:\/\/mtelektronika.hu\/wp-content\/uploads\/2022\/10\/Logo32_512x588.png\",\"width\":512,\"height\":288,\"caption\":\"MT Elektronika\"},\"image\":{\"@id\":\"https:\/\/mtelektronika.hu\/#\/schema\/logo\/image\/\"}}]}<\/script>\n<!-- \/ Yoast SEO plugin. -->","yoast_head_json":{"title":"Bemutatkoz\u00e1s - MT Elektronika","description":"C\u00e9gadatok, T\u00f6rt\u00e9net, V\u00e1llalatpolitika, Min\u0151s\u00e9g\u00fcgyi elhivatotts\u00e1g, C\u00e9gvezet\u00e9s, Kapcsolati datok, Telekommunik\u00e1ci\u00f3, Telecommunications","robots":{"index":"index","follow":"follow","max-snippet":"max-snippet:-1","max-image-preview":"max-image-preview:large","max-video-preview":"max-video-preview:-1"},"canonical":"https:\/\/mtelektronika.hu\/?page_id=164","og_locale":"hu_HU","og_type":"article","og_title":"Bemutatkoz\u00e1s - MT Elektronika","og_description":"C\u00e9gadatok, T\u00f6rt\u00e9net, V\u00e1llalatpolitika, Min\u0151s\u00e9g\u00fcgyi elhivatotts\u00e1g, C\u00e9gvezet\u00e9s, Kapcsolati datok, Telekommunik\u00e1ci\u00f3, Telecommunications","og_url":"https:\/\/mtelektronika.hu\/?page_id=164","og_site_name":"MT Elektronika","article_modified_time":"2026-01-15T09:21:32+00:00","og_image":[{"url":"https:\/\/mtelektronika.hu\/wp-content\/uploads\/2022\/11\/Cable_33-1024x683.jpg"}],"twitter_card":"summary_large_image","twitter_misc":{"Becs\u00fclt olvas\u00e1si id\u0151":"2 perc"},"schema":{"@context":"https:\/\/schema.org","@graph":[{"@type":"WebPage","@id":"https:\/\/mtelektronika.hu\/?page_id=164","url":"https:\/\/mtelektronika.hu\/?page_id=164","name":"Bemutatkoz\u00e1s - MT Elektronika","isPartOf":{"@id":"https:\/\/mtelektronika.hu\/#website"},"datePublished":"2022-11-02T18:49:18+00:00","dateModified":"2026-01-15T09:21:32+00:00","description":"C\u00e9gadatok, T\u00f6rt\u00e9net, V\u00e1llalatpolitika, Min\u0151s\u00e9g\u00fcgyi elhivatotts\u00e1g, C\u00e9gvezet\u00e9s, Kapcsolati datok, Telekommunik\u00e1ci\u00f3, Telecommunications","breadcrumb":{"@id":"https:\/\/mtelektronika.hu\/?page_id=164#breadcrumb"},"inLanguage":"hu","potentialAction":[{"@type":"ReadAction","target":["https:\/\/mtelektronika.hu\/?page_id=164"]}]},{"@type":"BreadcrumbList","@id":"https:\/\/mtelektronika.hu\/?page_id=164#breadcrumb","itemListElement":[{"@type":"ListItem","position":1,"name":"Kezd\u0151lap","item":"https:\/\/mtelektronika.hu\/"},{"@type":"ListItem","position":2,"name":"Bemutatkoz\u00e1s"}]},{"@type":"WebSite","@id":"https:\/\/mtelektronika.hu\/#website","url":"https:\/\/mtelektronika.hu\/","name":"MT Elektronika","description":"MT elektronika h\u00e1l\u00f3zat\u00e9p\u00edt\u00e9s","publisher":{"@id":"https:\/\/mtelektronika.hu\/#organization"},"potentialAction":[{"@type":"SearchAction","target":{"@type":"EntryPoint","urlTemplate":"https:\/\/mtelektronika.hu\/?s={search_term_string}"},"query-input":"required name=search_term_string"}],"inLanguage":"hu"},{"@type":"Organization","@id":"https:\/\/mtelektronika.hu\/#organization","name":"MT Elektronika","url":"https:\/\/mtelektronika.hu\/","logo":{"@type":"ImageObject","inLanguage":"hu","@id":"https:\/\/mtelektronika.hu\/#\/schema\/logo\/image\/","url":"https:\/\/mtelektronika.hu\/wp-content\/uploads\/2022\/10\/Logo32_512x588.png","contentUrl":"https:\/\/mtelektronika.hu\/wp-content\/uploads\/2022\/10\/Logo32_512x588.png","width":512,"height":288,"caption":"MT Elektronika"},"image":{"@id":"https:\/\/mtelektronika.hu\/#\/schema\/logo\/image\/"}}]}},"_links":{"self":[{"href":"https:\/\/mtelektronika.hu\/index.php?rest_route=\/wp\/v2\/pages\/164","targetHints":{"allow":["GET"]}}],"collection":[{"href":"https:\/\/mtelektronika.hu\/index.php?rest_route=\/wp\/v2\/pages"}],"about":[{"href":"https:\/\/mtelektronika.hu\/index.php?rest_route=\/wp\/v2\/types\/page"}],"author":[{"embeddable":true,"href":"https:\/\/mtelektronika.hu\/index.php?rest_route=\/wp\/v2\/users\/1"}],"replies":[{"embeddable":true,"href":"https:\/\/mtelektronika.hu\/index.php?rest_route=%2Fwp%2Fv2%2Fcomments&post=164"}],"version-history":[{"count":71,"href":"https:\/\/mtelektronika.hu\/index.php?rest_route=\/wp\/v2\/pages\/164\/revisions"}],"predecessor-version":[{"id":613,"href":"https:\/\/mtelektronika.hu\/index.php?rest_route=\/wp\/v2\/pages\/164\/revisions\/613"}],"wp:attachment":[{"href":"https:\/\/mtelektronika.hu\/index.php?rest_route=%2Fwp%2Fv2%2Fmedia&parent=164"}],"curies":[{"name":"wp","href":"https:\/\/api.w.org\/{rel}","templated":true}]}}