{"id":172,"date":"2022-11-02T19:53:59","date_gmt":"2022-11-02T18:53:59","guid":{"rendered":"https:\/\/mtelektronika.hu\/?page_id=172"},"modified":"2023-03-13T19:22:11","modified_gmt":"2023-03-13T18:22:11","slug":"referenciak","status":"publish","type":"page","link":"https:\/\/mtelektronika.hu\/?page_id=172","title":{"rendered":"Referenci\u00e1k"},"content":{"rendered":"\t\t<div data-elementor-type=\"wp-page\" data-elementor-id=\"172\" class=\"elementor elementor-172\">\n\t\t\t\t\t\t\t\t\t<section class=\"elementor-section elementor-top-section elementor-element elementor-element-cc1c57d elementor-section-boxed elementor-section-height-default elementor-section-height-default\" data-id=\"cc1c57d\" data-element_type=\"section\">\n\t\t\t\t\t\t<div class=\"elementor-container elementor-column-gap-default\">\n\t\t\t\t\t<div class=\"elementor-column elementor-col-100 elementor-top-column elementor-element elementor-element-d94871f\" data-id=\"d94871f\" data-element_type=\"column\">\n\t\t\t<div class=\"elementor-widget-wrap elementor-element-populated\">\n\t\t\t\t\t\t\t\t\t<\/div>\n\t\t<\/div>\n\t\t\t\t\t\t\t<\/div>\n\t\t<\/section>\n\t\t\t\t<section class=\"elementor-section elementor-top-section elementor-element elementor-element-f469145 elementor-section-boxed elementor-section-height-default elementor-section-height-default\" data-id=\"f469145\" data-element_type=\"section\" data-settings=\"{&quot;background_background&quot;:&quot;classic&quot;,&quot;shape_divider_bottom&quot;:&quot;mountains&quot;}\">\n\t\t\t\t\t\t\t<div class=\"elementor-background-overlay\"><\/div>\n\t\t\t\t\t\t<div class=\"elementor-shape elementor-shape-bottom\" data-negative=\"false\">\n\t\t\t<svg xmlns=\"http:\/\/www.w3.org\/2000\/svg\" viewBox=\"0 0 1000 100\" preserveAspectRatio=\"none\">\n\t<path class=\"elementor-shape-fill\" opacity=\"0.33\" d=\"M473,67.3c-203.9,88.3-263.1-34-320.3,0C66,119.1,0,59.7,0,59.7V0h1000v59.7 c0,0-62.1,26.1-94.9,29.3c-32.8,3.3-62.8-12.3-75.8-22.1C806,49.6,745.3,8.7,694.9,4.7S492.4,59,473,67.3z\"\/>\n\t<path class=\"elementor-shape-fill\" opacity=\"0.66\" d=\"M734,67.3c-45.5,0-77.2-23.2-129.1-39.1c-28.6-8.7-150.3-10.1-254,39.1 s-91.7-34.4-149.2,0C115.7,118.3,0,39.8,0,39.8V0h1000v36.5c0,0-28.2-18.5-92.1-18.5C810.2,18.1,775.7,67.3,734,67.3z\"\/>\n\t<path class=\"elementor-shape-fill\" d=\"M766.1,28.9c-200-57.5-266,65.5-395.1,19.5C242,1.8,242,5.4,184.8,20.6C128,35.8,132.3,44.9,89.9,52.5C28.6,63.7,0,0,0,0 h1000c0,0-9.9,40.9-83.6,48.1S829.6,47,766.1,28.9z\"\/>\n<\/svg>\t\t<\/div>\n\t\t\t\t\t<div class=\"elementor-container elementor-column-gap-default\">\n\t\t\t\t\t<div class=\"elementor-column elementor-col-50 elementor-top-column elementor-element elementor-element-fc8e025\" data-id=\"fc8e025\" data-element_type=\"column\">\n\t\t\t<div class=\"elementor-widget-wrap elementor-element-populated\">\n\t\t\t\t\t\t\t\t<div class=\"elementor-element elementor-element-c18ba33 elementor-invisible elementor-widget elementor-widget-heading\" data-id=\"c18ba33\" data-element_type=\"widget\" data-settings=\"{&quot;_animation&quot;:&quot;fadeInLeft&quot;}\" data-widget_type=\"heading.default\">\n\t\t\t\t<div class=\"elementor-widget-container\">\n\t\t\t<style>\/*! elementor - v3.12.1 - 02-04-2023 *\/\n.elementor-heading-title{padding:0;margin:0;line-height:1}.elementor-widget-heading .elementor-heading-title[class*=elementor-size-]>a{color:inherit;font-size:inherit;line-height:inherit}.elementor-widget-heading .elementor-heading-title.elementor-size-small{font-size:15px}.elementor-widget-heading .elementor-heading-title.elementor-size-medium{font-size:19px}.elementor-widget-heading .elementor-heading-title.elementor-size-large{font-size:29px}.elementor-widget-heading .elementor-heading-title.elementor-size-xl{font-size:39px}.elementor-widget-heading .elementor-heading-title.elementor-size-xxl{font-size:59px}<\/style><h2 class=\"elementor-heading-title elementor-size-default\">F\u0151bb referenciamunk\u00e1ink a teljess\u00e9g ig\u00e9nye n\u00e9lk\u00fcl:<\/h2>\t\t<\/div>\n\t\t\t\t<\/div>\n\t\t\t\t\t<\/div>\n\t\t<\/div>\n\t\t\t\t<div class=\"elementor-column elementor-col-50 elementor-top-column elementor-element elementor-element-73eb85d\" data-id=\"73eb85d\" data-element_type=\"column\">\n\t\t\t<div class=\"elementor-widget-wrap elementor-element-populated\">\n\t\t\t\t\t\t\t\t<div class=\"elementor-element elementor-element-28a6adb elementor-invisible elementor-widget elementor-widget-text-editor\" data-id=\"28a6adb\" data-element_type=\"widget\" data-settings=\"{&quot;_animation&quot;:&quot;fadeInRight&quot;}\" data-widget_type=\"text-editor.default\">\n\t\t\t\t<div class=\"elementor-widget-container\">\n\t\t\t<style>\/*! elementor - v3.12.1 - 02-04-2023 *\/\n.elementor-widget-text-editor.elementor-drop-cap-view-stacked .elementor-drop-cap{background-color:#69727d;color:#fff}.elementor-widget-text-editor.elementor-drop-cap-view-framed .elementor-drop-cap{color:#69727d;border:3px solid;background-color:transparent}.elementor-widget-text-editor:not(.elementor-drop-cap-view-default) .elementor-drop-cap{margin-top:8px}.elementor-widget-text-editor:not(.elementor-drop-cap-view-default) .elementor-drop-cap-letter{width:1em;height:1em}.elementor-widget-text-editor .elementor-drop-cap{float:left;text-align:center;line-height:1;font-size:50px}.elementor-widget-text-editor .elementor-drop-cap-letter{display:inline-block}<\/style>\t\t\t\t<p>Teljes lefed\u0151 optikai h\u00e1l\u00f3zat, illetve telep\u00fcl\u00e9sek felhord\u00f3 h\u00e1l\u00f3zat\u00e1nak tervez\u00e9se \u00e9s kivitelez\u00e9se:<\/p><ul><li>Si\u00f3fok-Kiliti<\/li><li>Si\u00f3fok-S\u00f3st\u00f3<\/li><li>Fony\u00f3d<\/li><li>Fony\u00f3dliget<\/li><li>Barcs<\/li><li>Berzence<\/li><li>Kar\u00e1d<\/li><li>Balatonendr\u00e9d<\/li><li>Zalaegerszeg-Neszele<\/li><\/ul><p>\u00a0<\/p><p>T\u00e1rsash\u00e1zak, sz\u00e1llod\u00e1k, lak\u00f3parkok, ipari parkok bels\u0151t\u00e1vk\u00f6zl\u00e9si h\u00e1l\u00f3zat\u00e1nak tervez\u00e9se \u00e9s kivitelez\u00e9se:<\/p><ul><li>Si\u00f3fok, R\u00f3mai h\u00e1z<\/li><li>Balatonlelle, Re\u00e1l t\u00e1rsash\u00e1z<\/li><li>Balatonf\u00f6ldv\u00e1r,\u00a0 Camping lak\u00f3park<\/li><li>Tesk\u00e1nd, Aguamarin lak\u00f3park<\/li><li>Balatonlelle,\u00a0 Napf\u00e9ny Resort<\/li><li>Balatonf\u00f6ldv\u00e1r,\u00a0 Juventus Home lak\u00f3park<\/li><li>Zalaegerszeg,\u00a0 ZalaZone ipari park\u00a0<\/li><\/ul><p>\u00a0<\/p>\t\t\t\t\t\t<\/div>\n\t\t\t\t<\/div>\n\t\t\t\t\t<\/div>\n\t\t<\/div>\n\t\t\t\t\t\t\t<\/div>\n\t\t<\/section>\n\t\t\t\t<section class=\"elementor-section elementor-top-section elementor-element elementor-element-bf5e558 elementor-section-full_width elementor-section-height-default elementor-section-height-default\" data-id=\"bf5e558\" data-element_type=\"section\">\n\t\t\t\t\t\t<div class=\"elementor-container elementor-column-gap-default\">\n\t\t\t\t\t<div class=\"elementor-column elementor-col-100 elementor-top-column elementor-element elementor-element-4a7a455\" data-id=\"4a7a455\" data-element_type=\"column\">\n\t\t\t<div class=\"elementor-widget-wrap elementor-element-populated\">\n\t\t\t\t\t\t\t\t<section class=\"elementor-section elementor-inner-section elementor-element elementor-element-596b7fd elementor-section-boxed elementor-section-height-default elementor-section-height-default\" data-id=\"596b7fd\" data-element_type=\"section\">\n\t\t\t\t\t\t<div class=\"elementor-container elementor-column-gap-default\">\n\t\t\t\t\t<div class=\"elementor-column elementor-col-33 elementor-inner-column elementor-element elementor-element-9f81345\" data-id=\"9f81345\" data-element_type=\"column\">\n\t\t\t<div class=\"elementor-widget-wrap elementor-element-populated\">\n\t\t\t\t\t\t\t\t<div class=\"elementor-element elementor-element-b76ac40 elementor-invisible elementor-widget elementor-widget-heading\" data-id=\"b76ac40\" data-element_type=\"widget\" data-settings=\"{&quot;_animation&quot;:&quot;fadeInLeft&quot;}\" data-widget_type=\"heading.default\">\n\t\t\t\t<div class=\"elementor-widget-container\">\n\t\t\t<h2 class=\"elementor-heading-title elementor-size-large\">A legut\u00f3bbi munk\u00e1inkr\u00f3l k\u00e9sz\u00fclt k\u00e9pek \u00e9s inform\u00e1ci\u00f3k:<\/h2>\t\t<\/div>\n\t\t\t\t<\/div>\n\t\t\t\t\t<\/div>\n\t\t<\/div>\n\t\t\t\t<div class=\"elementor-column elementor-col-66 elementor-inner-column elementor-element elementor-element-1e181aa\" data-id=\"1e181aa\" data-element_type=\"column\">\n\t\t\t<div class=\"elementor-widget-wrap elementor-element-populated\">\n\t\t\t\t\t\t\t\t<div class=\"elementor-element elementor-element-52f2cdb elementor-arrows-position-inside elementor-pagination-position-outside elementor-widget elementor-widget-image-carousel\" data-id=\"52f2cdb\" data-element_type=\"widget\" data-settings=\"{&quot;navigation&quot;:&quot;both&quot;,&quot;autoplay&quot;:&quot;yes&quot;,&quot;pause_on_hover&quot;:&quot;yes&quot;,&quot;pause_on_interaction&quot;:&quot;yes&quot;,&quot;autoplay_speed&quot;:5000,&quot;infinite&quot;:&quot;yes&quot;,&quot;speed&quot;:500}\" data-widget_type=\"image-carousel.default\">\n\t\t\t\t<div class=\"elementor-widget-container\">\n\t\t\t<style>\/*! elementor - v3.12.1 - 02-04-2023 *\/\n.elementor-widget-image-carousel .swiper,.elementor-widget-image-carousel .swiper-container{position:static}.elementor-widget-image-carousel .swiper-container .swiper-slide figure,.elementor-widget-image-carousel .swiper .swiper-slide figure{line-height:inherit}.elementor-widget-image-carousel .swiper-slide{text-align:center}.elementor-image-carousel-wrapper:not(.swiper-container-initialized) .swiper-slide,.elementor-image-carousel-wrapper:not(.swiper-initialized) .swiper-slide{max-width:calc(100% \/ var(--e-image-carousel-slides-to-show, 3))}<\/style>\t\t<div class=\"elementor-image-carousel-wrapper swiper-container\" dir=\"ltr\">\n\t\t\t<div class=\"elementor-image-carousel swiper-wrapper\">\n\t\t\t\t\t\t\t\t<div class=\"swiper-slide\"><figure class=\"swiper-slide-inner\"><img decoding=\"async\" class=\"swiper-slide-image\" src=\"https:\/\/mtelektronika.hu\/wp-content\/uploads\/2022\/11\/Auto_darus-150x150.jpg\" alt=\"Auto_darus\" \/><\/figure><\/div><div class=\"swiper-slide\"><figure class=\"swiper-slide-inner\"><img decoding=\"async\" class=\"swiper-slide-image\" src=\"https:\/\/mtelektronika.hu\/wp-content\/uploads\/2022\/11\/Kapcsolodoboz-1-150x150.jpg\" alt=\"Kapcsol\u00f3doboz\" \/><\/figure><\/div><div class=\"swiper-slide\"><figure class=\"swiper-slide-inner\"><img decoding=\"async\" class=\"swiper-slide-image\" src=\"https:\/\/mtelektronika.hu\/wp-content\/uploads\/2022\/11\/Torony-1-150x150.jpg\" alt=\"Torony\" \/><\/figure><\/div>\t\t\t<\/div>\n\t\t\t\t\t\t\t\t\t\t\t\t<div class=\"swiper-pagination\"><\/div>\n\t\t\t\t\t\t\t\t\t\t\t\t\t<div class=\"elementor-swiper-button elementor-swiper-button-prev\">\n\t\t\t\t\t\t<i aria-hidden=\"true\" class=\"eicon-chevron-left\"><\/i>\t\t\t\t\t\t<span class=\"elementor-screen-only\">El\u0151z\u0151<\/span>\n\t\t\t\t\t<\/div>\n\t\t\t\t\t<div class=\"elementor-swiper-button elementor-swiper-button-next\">\n\t\t\t\t\t\t<i aria-hidden=\"true\" class=\"eicon-chevron-right\"><\/i>\t\t\t\t\t\t<span class=\"elementor-screen-only\">K\u00f6vetkez\u0151<\/span>\n\t\t\t\t\t<\/div>\n\t\t\t\t\t\t\t\t\t<\/div>\n\t\t\t\t<\/div>\n\t\t\t\t<\/div>\n\t\t\t\t\t<\/div>\n\t\t<\/div>\n\t\t\t\t\t\t\t<\/div>\n\t\t<\/section>\n\t\t\t\t\t<\/div>\n\t\t<\/div>\n\t\t\t\t\t\t\t<\/div>\n\t\t<\/section>\n\t\t\t\t<section class=\"elementor-section elementor-top-section elementor-element elementor-element-1409a63 elementor-section-boxed elementor-section-height-default elementor-section-height-default\" data-id=\"1409a63\" data-element_type=\"section\">\n\t\t\t\t\t\t<div class=\"elementor-container elementor-column-gap-default\">\n\t\t\t\t\t<div class=\"elementor-column elementor-col-100 elementor-top-column elementor-element elementor-element-f0a4472\" data-id=\"f0a4472\" data-element_type=\"column\">\n\t\t\t<div class=\"elementor-widget-wrap\">\n\t\t\t\t\t\t\t\t\t<\/div>\n\t\t<\/div>\n\t\t\t\t\t\t\t<\/div>\n\t\t<\/section>\n\t\t\t\t\t\t\t<\/div>\n\t\t","protected":false},"excerpt":{"rendered":"<p>F\u0151bb referenciamunk\u00e1ink a teljess\u00e9g ig\u00e9nye n\u00e9lk\u00fcl: Teljes lefed\u0151 optikai h\u00e1l\u00f3zat, illetve telep\u00fcl\u00e9sek felhord\u00f3 h\u00e1l\u00f3zat\u00e1nak tervez\u00e9se \u00e9s kivitelez\u00e9se: Si\u00f3fok-Kiliti Si\u00f3fok-S\u00f3st\u00f3 Fony\u00f3d Fony\u00f3dliget Barcs Berzence Kar\u00e1d Balatonendr\u00e9d Zalaegerszeg-Neszele \u00a0 T\u00e1rsash\u00e1zak, sz\u00e1llod\u00e1k, lak\u00f3parkok, ipari parkok bels\u0151t\u00e1vk\u00f6zl\u00e9si h\u00e1l\u00f3zat\u00e1nak tervez\u00e9se \u00e9s kivitelez\u00e9se: Si\u00f3fok, R\u00f3mai h\u00e1z Balatonlelle, Re\u00e1l t\u00e1rsash\u00e1z Balatonf\u00f6ldv\u00e1r,\u00a0 Camping lak\u00f3park Tesk\u00e1nd, Aguamarin lak\u00f3park Balatonlelle,\u00a0 Napf\u00e9ny Resort Balatonf\u00f6ldv\u00e1r,\u00a0 Juventus Home [&hellip;]<\/p>\n","protected":false},"author":1,"featured_media":0,"parent":0,"menu_order":0,"comment_status":"closed","ping_status":"closed","template":"","meta":{"footnotes":""},"class_list":["post-172","page","type-page","status-publish","hentry"],"yoast_head":"<!-- This site is optimized with the Yoast SEO plugin v20.5 - https:\/\/yoast.com\/wordpress\/plugins\/seo\/ -->\n<title>Referenci\u00e1k - MT Elektronika<\/title>\n<meta name=\"description\" content=\"Referenciamunk\u00e1k, H\u00e1l\u00f3zat\u00e9p\u00edt\u00e9s, karbantart\u00e1s, eszk\u00f6z be\u00e9p\u00edt\u00e9s, H\u00e1l\u00f3zati eloszt\u00f3 rendszerek ki\u00e9p\u00edt\u00e9se, karbantart\u00e1s, fot\u00f3k, Munk\u00e1k, Projectek,\" \/>\n<meta name=\"robots\" content=\"index, follow, max-snippet:-1, max-image-preview:large, max-video-preview:-1\" \/>\n<link rel=\"canonical\" href=\"https:\/\/mtelektronika.hu\/?page_id=172\" \/>\n<meta property=\"og:locale\" content=\"hu_HU\" \/>\n<meta property=\"og:type\" content=\"article\" \/>\n<meta property=\"og:title\" content=\"Referenci\u00e1k - MT Elektronika\" \/>\n<meta property=\"og:description\" content=\"Referenciamunk\u00e1k, H\u00e1l\u00f3zat\u00e9p\u00edt\u00e9s, karbantart\u00e1s, eszk\u00f6z be\u00e9p\u00edt\u00e9s, H\u00e1l\u00f3zati eloszt\u00f3 rendszerek ki\u00e9p\u00edt\u00e9se, karbantart\u00e1s, fot\u00f3k, Munk\u00e1k, Projectek,\" \/>\n<meta property=\"og:url\" content=\"https:\/\/mtelektronika.hu\/?page_id=172\" \/>\n<meta property=\"og:site_name\" content=\"MT Elektronika\" \/>\n<meta property=\"article:modified_time\" content=\"2023-03-13T18:22:11+00:00\" \/>\n<meta property=\"og:image\" content=\"https:\/\/mtelektronika.hu\/wp-content\/uploads\/2022\/11\/Auto_darus-150x150.jpg\" \/>\n<meta name=\"twitter:card\" content=\"summary_large_image\" \/>\n<meta name=\"twitter:label1\" content=\"Becs\u00fclt olvas\u00e1si id\u0151\" \/>\n\t<meta name=\"twitter:data1\" content=\"3 perc\" \/>\n<script type=\"application\/ld+json\" class=\"yoast-schema-graph\">{\"@context\":\"https:\/\/schema.org\",\"@graph\":[{\"@type\":\"WebPage\",\"@id\":\"https:\/\/mtelektronika.hu\/?page_id=172\",\"url\":\"https:\/\/mtelektronika.hu\/?page_id=172\",\"name\":\"Referenci\u00e1k - MT Elektronika\",\"isPartOf\":{\"@id\":\"https:\/\/mtelektronika.hu\/#website\"},\"datePublished\":\"2022-11-02T18:53:59+00:00\",\"dateModified\":\"2023-03-13T18:22:11+00:00\",\"description\":\"Referenciamunk\u00e1k, H\u00e1l\u00f3zat\u00e9p\u00edt\u00e9s, karbantart\u00e1s, eszk\u00f6z be\u00e9p\u00edt\u00e9s, H\u00e1l\u00f3zati eloszt\u00f3 rendszerek ki\u00e9p\u00edt\u00e9se, karbantart\u00e1s, fot\u00f3k, Munk\u00e1k, Projectek,\",\"breadcrumb\":{\"@id\":\"https:\/\/mtelektronika.hu\/?page_id=172#breadcrumb\"},\"inLanguage\":\"hu\",\"potentialAction\":[{\"@type\":\"ReadAction\",\"target\":[\"https:\/\/mtelektronika.hu\/?page_id=172\"]}]},{\"@type\":\"BreadcrumbList\",\"@id\":\"https:\/\/mtelektronika.hu\/?page_id=172#breadcrumb\",\"itemListElement\":[{\"@type\":\"ListItem\",\"position\":1,\"name\":\"Kezd\u0151lap\",\"item\":\"https:\/\/mtelektronika.hu\/\"},{\"@type\":\"ListItem\",\"position\":2,\"name\":\"Referenci\u00e1k\"}]},{\"@type\":\"WebSite\",\"@id\":\"https:\/\/mtelektronika.hu\/#website\",\"url\":\"https:\/\/mtelektronika.hu\/\",\"name\":\"MT Elektronika\",\"description\":\"MT elektronika h\u00e1l\u00f3zat\u00e9p\u00edt\u00e9s\",\"publisher\":{\"@id\":\"https:\/\/mtelektronika.hu\/#organization\"},\"potentialAction\":[{\"@type\":\"SearchAction\",\"target\":{\"@type\":\"EntryPoint\",\"urlTemplate\":\"https:\/\/mtelektronika.hu\/?s={search_term_string}\"},\"query-input\":\"required name=search_term_string\"}],\"inLanguage\":\"hu\"},{\"@type\":\"Organization\",\"@id\":\"https:\/\/mtelektronika.hu\/#organization\",\"name\":\"MT Elektronika\",\"url\":\"https:\/\/mtelektronika.hu\/\",\"logo\":{\"@type\":\"ImageObject\",\"inLanguage\":\"hu\",\"@id\":\"https:\/\/mtelektronika.hu\/#\/schema\/logo\/image\/\",\"url\":\"https:\/\/mtelektronika.hu\/wp-content\/uploads\/2022\/10\/Logo32_512x588.png\",\"contentUrl\":\"https:\/\/mtelektronika.hu\/wp-content\/uploads\/2022\/10\/Logo32_512x588.png\",\"width\":512,\"height\":288,\"caption\":\"MT Elektronika\"},\"image\":{\"@id\":\"https:\/\/mtelektronika.hu\/#\/schema\/logo\/image\/\"}}]}<\/script>\n<!-- \/ Yoast SEO plugin. -->","yoast_head_json":{"title":"Referenci\u00e1k - MT Elektronika","description":"Referenciamunk\u00e1k, H\u00e1l\u00f3zat\u00e9p\u00edt\u00e9s, karbantart\u00e1s, eszk\u00f6z be\u00e9p\u00edt\u00e9s, H\u00e1l\u00f3zati eloszt\u00f3 rendszerek ki\u00e9p\u00edt\u00e9se, karbantart\u00e1s, fot\u00f3k, Munk\u00e1k, Projectek,","robots":{"index":"index","follow":"follow","max-snippet":"max-snippet:-1","max-image-preview":"max-image-preview:large","max-video-preview":"max-video-preview:-1"},"canonical":"https:\/\/mtelektronika.hu\/?page_id=172","og_locale":"hu_HU","og_type":"article","og_title":"Referenci\u00e1k - MT Elektronika","og_description":"Referenciamunk\u00e1k, H\u00e1l\u00f3zat\u00e9p\u00edt\u00e9s, karbantart\u00e1s, eszk\u00f6z be\u00e9p\u00edt\u00e9s, H\u00e1l\u00f3zati eloszt\u00f3 rendszerek ki\u00e9p\u00edt\u00e9se, karbantart\u00e1s, fot\u00f3k, Munk\u00e1k, Projectek,","og_url":"https:\/\/mtelektronika.hu\/?page_id=172","og_site_name":"MT Elektronika","article_modified_time":"2023-03-13T18:22:11+00:00","og_image":[{"url":"https:\/\/mtelektronika.hu\/wp-content\/uploads\/2022\/11\/Auto_darus-150x150.jpg"}],"twitter_card":"summary_large_image","twitter_misc":{"Becs\u00fclt olvas\u00e1si id\u0151":"3 perc"},"schema":{"@context":"https:\/\/schema.org","@graph":[{"@type":"WebPage","@id":"https:\/\/mtelektronika.hu\/?page_id=172","url":"https:\/\/mtelektronika.hu\/?page_id=172","name":"Referenci\u00e1k - MT Elektronika","isPartOf":{"@id":"https:\/\/mtelektronika.hu\/#website"},"datePublished":"2022-11-02T18:53:59+00:00","dateModified":"2023-03-13T18:22:11+00:00","description":"Referenciamunk\u00e1k, H\u00e1l\u00f3zat\u00e9p\u00edt\u00e9s, karbantart\u00e1s, eszk\u00f6z be\u00e9p\u00edt\u00e9s, H\u00e1l\u00f3zati eloszt\u00f3 rendszerek ki\u00e9p\u00edt\u00e9se, karbantart\u00e1s, fot\u00f3k, Munk\u00e1k, Projectek,","breadcrumb":{"@id":"https:\/\/mtelektronika.hu\/?page_id=172#breadcrumb"},"inLanguage":"hu","potentialAction":[{"@type":"ReadAction","target":["https:\/\/mtelektronika.hu\/?page_id=172"]}]},{"@type":"BreadcrumbList","@id":"https:\/\/mtelektronika.hu\/?page_id=172#breadcrumb","itemListElement":[{"@type":"ListItem","position":1,"name":"Kezd\u0151lap","item":"https:\/\/mtelektronika.hu\/"},{"@type":"ListItem","position":2,"name":"Referenci\u00e1k"}]},{"@type":"WebSite","@id":"https:\/\/mtelektronika.hu\/#website","url":"https:\/\/mtelektronika.hu\/","name":"MT Elektronika","description":"MT elektronika h\u00e1l\u00f3zat\u00e9p\u00edt\u00e9s","publisher":{"@id":"https:\/\/mtelektronika.hu\/#organization"},"potentialAction":[{"@type":"SearchAction","target":{"@type":"EntryPoint","urlTemplate":"https:\/\/mtelektronika.hu\/?s={search_term_string}"},"query-input":"required name=search_term_string"}],"inLanguage":"hu"},{"@type":"Organization","@id":"https:\/\/mtelektronika.hu\/#organization","name":"MT Elektronika","url":"https:\/\/mtelektronika.hu\/","logo":{"@type":"ImageObject","inLanguage":"hu","@id":"https:\/\/mtelektronika.hu\/#\/schema\/logo\/image\/","url":"https:\/\/mtelektronika.hu\/wp-content\/uploads\/2022\/10\/Logo32_512x588.png","contentUrl":"https:\/\/mtelektronika.hu\/wp-content\/uploads\/2022\/10\/Logo32_512x588.png","width":512,"height":288,"caption":"MT Elektronika"},"image":{"@id":"https:\/\/mtelektronika.hu\/#\/schema\/logo\/image\/"}}]}},"_links":{"self":[{"href":"https:\/\/mtelektronika.hu\/index.php?rest_route=\/wp\/v2\/pages\/172","targetHints":{"allow":["GET"]}}],"collection":[{"href":"https:\/\/mtelektronika.hu\/index.php?rest_route=\/wp\/v2\/pages"}],"about":[{"href":"https:\/\/mtelektronika.hu\/index.php?rest_route=\/wp\/v2\/types\/page"}],"author":[{"embeddable":true,"href":"https:\/\/mtelektronika.hu\/index.php?rest_route=\/wp\/v2\/users\/1"}],"replies":[{"embeddable":true,"href":"https:\/\/mtelektronika.hu\/index.php?rest_route=%2Fwp%2Fv2%2Fcomments&post=172"}],"version-history":[{"count":35,"href":"https:\/\/mtelektronika.hu\/index.php?rest_route=\/wp\/v2\/pages\/172\/revisions"}],"predecessor-version":[{"id":499,"href":"https:\/\/mtelektronika.hu\/index.php?rest_route=\/wp\/v2\/pages\/172\/revisions\/499"}],"wp:attachment":[{"href":"https:\/\/mtelektronika.hu\/index.php?rest_route=%2Fwp%2Fv2%2Fmedia&parent=172"}],"curies":[{"name":"wp","href":"https:\/\/api.w.org\/{rel}","templated":true}]}}