{"id":250,"date":"2022-11-18T11:19:23","date_gmt":"2022-11-18T10:19:23","guid":{"rendered":"https:\/\/mtelektronika.hu\/?page_id=250"},"modified":"2023-03-15T17:04:57","modified_gmt":"2023-03-15T16:04:57","slug":"fotok-es-videok","status":"publish","type":"page","link":"https:\/\/mtelektronika.hu\/?page_id=250","title":{"rendered":"M\u00e9dia"},"content":{"rendered":"\t\t<div data-elementor-type=\"wp-page\" data-elementor-id=\"250\" class=\"elementor elementor-250\">\n\t\t\t\t\t\t\t\t\t<section class=\"elementor-section elementor-top-section elementor-element elementor-element-f1199b0 elementor-section-full_width elementor-section-height-default elementor-section-height-default\" data-id=\"f1199b0\" data-element_type=\"section\">\n\t\t\t\t\t\t<div class=\"elementor-container elementor-column-gap-default\">\n\t\t\t\t\t<div class=\"elementor-column elementor-col-100 elementor-top-column elementor-element elementor-element-22019ac\" data-id=\"22019ac\" data-element_type=\"column\" data-settings=\"{&quot;background_background&quot;:&quot;classic&quot;}\">\n\t\t\t<div class=\"elementor-widget-wrap elementor-element-populated\">\n\t\t\t\t\t<div class=\"elementor-background-overlay\"><\/div>\n\t\t\t\t\t\t\t\t<section class=\"elementor-section elementor-inner-section elementor-element elementor-element-446a3cb elementor-section-boxed elementor-section-height-default elementor-section-height-default\" data-id=\"446a3cb\" data-element_type=\"section\">\n\t\t\t\t\t\t<div class=\"elementor-container elementor-column-gap-default\">\n\t\t\t\t\t<div class=\"elementor-column elementor-col-100 elementor-inner-column elementor-element elementor-element-0b969c4\" data-id=\"0b969c4\" data-element_type=\"column\">\n\t\t\t<div class=\"elementor-widget-wrap elementor-element-populated\">\n\t\t\t\t\t\t\t\t<div class=\"elementor-element elementor-element-628a2a4 elementor-widget elementor-widget-heading\" data-id=\"628a2a4\" data-element_type=\"widget\" data-widget_type=\"heading.default\">\n\t\t\t\t<div class=\"elementor-widget-container\">\n\t\t\t<style>\/*! elementor - v3.12.1 - 02-04-2023 *\/\n.elementor-heading-title{padding:0;margin:0;line-height:1}.elementor-widget-heading .elementor-heading-title[class*=elementor-size-]>a{color:inherit;font-size:inherit;line-height:inherit}.elementor-widget-heading .elementor-heading-title.elementor-size-small{font-size:15px}.elementor-widget-heading .elementor-heading-title.elementor-size-medium{font-size:19px}.elementor-widget-heading .elementor-heading-title.elementor-size-large{font-size:29px}.elementor-widget-heading .elementor-heading-title.elementor-size-xl{font-size:39px}.elementor-widget-heading .elementor-heading-title.elementor-size-xxl{font-size:59px}<\/style><h2 class=\"elementor-heading-title elementor-size-large\">M\u00e9dia:<\/h2>\t\t<\/div>\n\t\t\t\t<\/div>\n\t\t\t\t\t<\/div>\n\t\t<\/div>\n\t\t\t\t\t\t\t<\/div>\n\t\t<\/section>\n\t\t\t\t<div class=\"elementor-element elementor-element-c90decf elementor-arrows-position-outside elementor-pagination-position-outside elementor-widget elementor-widget-image-carousel\" data-id=\"c90decf\" data-element_type=\"widget\" data-settings=\"{&quot;slides_to_show&quot;:&quot;1&quot;,&quot;autoplay_speed&quot;:4000,&quot;navigation&quot;:&quot;both&quot;,&quot;autoplay&quot;:&quot;yes&quot;,&quot;pause_on_hover&quot;:&quot;yes&quot;,&quot;pause_on_interaction&quot;:&quot;yes&quot;,&quot;infinite&quot;:&quot;yes&quot;,&quot;effect&quot;:&quot;slide&quot;,&quot;speed&quot;:500}\" data-widget_type=\"image-carousel.default\">\n\t\t\t\t<div class=\"elementor-widget-container\">\n\t\t\t<style>\/*! elementor - v3.12.1 - 02-04-2023 *\/\n.elementor-widget-image-carousel .swiper,.elementor-widget-image-carousel .swiper-container{position:static}.elementor-widget-image-carousel .swiper-container .swiper-slide figure,.elementor-widget-image-carousel .swiper .swiper-slide figure{line-height:inherit}.elementor-widget-image-carousel .swiper-slide{text-align:center}.elementor-image-carousel-wrapper:not(.swiper-container-initialized) .swiper-slide,.elementor-image-carousel-wrapper:not(.swiper-initialized) .swiper-slide{max-width:calc(100% \/ var(--e-image-carousel-slides-to-show, 3))}<\/style>\t\t<div class=\"elementor-image-carousel-wrapper swiper-container\" dir=\"ltr\">\n\t\t\t<div class=\"elementor-image-carousel swiper-wrapper\">\n\t\t\t\t\t\t\t\t<div class=\"swiper-slide\"><figure class=\"swiper-slide-inner\"><img decoding=\"async\" class=\"swiper-slide-image\" src=\"https:\/\/mtelektronika.hu\/wp-content\/uploads\/2022\/11\/Kapcsolodoboz-1024x768.jpg\" alt=\"Kapcsol\u00f3doboz\" \/><\/figure><\/div><div class=\"swiper-slide\"><figure class=\"swiper-slide-inner\"><img decoding=\"async\" class=\"swiper-slide-image\" src=\"https:\/\/mtelektronika.hu\/wp-content\/uploads\/2022\/11\/Telecomm_tower-682x1024.jpeg\" alt=\"Telecomm_tower\" \/><\/figure><\/div><div class=\"swiper-slide\"><figure class=\"swiper-slide-inner\"><img decoding=\"async\" class=\"swiper-slide-image\" src=\"https:\/\/mtelektronika.hu\/wp-content\/uploads\/2022\/11\/Szerszam.jpg\" alt=\"Szerszam\" \/><\/figure><\/div><div class=\"swiper-slide\"><figure class=\"swiper-slide-inner\"><img decoding=\"async\" class=\"swiper-slide-image\" src=\"https:\/\/mtelektronika.hu\/wp-content\/uploads\/2022\/11\/IMG_20220716_100124.jpg\" alt=\"IMG_20220716_100124\" \/><\/figure><\/div><div class=\"swiper-slide\"><figure class=\"swiper-slide-inner\"><img decoding=\"async\" class=\"swiper-slide-image\" src=\"https:\/\/mtelektronika.hu\/wp-content\/uploads\/2022\/11\/kep-2.jpg\" alt=\"k\u00e9p (2)\" \/><\/figure><\/div><div class=\"swiper-slide\"><figure class=\"swiper-slide-inner\"><img decoding=\"async\" class=\"swiper-slide-image\" src=\"https:\/\/mtelektronika.hu\/wp-content\/uploads\/2022\/11\/Torony.jpg\" alt=\"Torony\" \/><\/figure><\/div>\t\t\t<\/div>\n\t\t\t\t\t\t\t\t\t\t\t\t<div class=\"swiper-pagination\"><\/div>\n\t\t\t\t\t\t\t\t\t\t\t\t\t<div class=\"elementor-swiper-button elementor-swiper-button-prev\">\n\t\t\t\t\t\t<i aria-hidden=\"true\" class=\"fas fa-arrow-alt-circle-left\"><\/i>\t\t\t\t\t\t<span class=\"elementor-screen-only\">El\u0151z\u0151<\/span>\n\t\t\t\t\t<\/div>\n\t\t\t\t\t<div class=\"elementor-swiper-button elementor-swiper-button-next\">\n\t\t\t\t\t\t<i aria-hidden=\"true\" class=\"fas fa-arrow-alt-circle-right\"><\/i>\t\t\t\t\t\t<span class=\"elementor-screen-only\">K\u00f6vetkez\u0151<\/span>\n\t\t\t\t\t<\/div>\n\t\t\t\t\t\t\t\t\t<\/div>\n\t\t\t\t<\/div>\n\t\t\t\t<\/div>\n\t\t\t\t\t<\/div>\n\t\t<\/div>\n\t\t\t\t\t\t\t<\/div>\n\t\t<\/section>\n\t\t\t\t\t\t\t<\/div>\n\t\t","protected":false},"excerpt":{"rendered":"<p>M\u00e9dia: El\u0151z\u0151 K\u00f6vetkez\u0151<\/p>\n","protected":false},"author":1,"featured_media":0,"parent":0,"menu_order":0,"comment_status":"closed","ping_status":"closed","template":"","meta":{"footnotes":""},"class_list":["post-250","page","type-page","status-publish","hentry"],"yoast_head":"<!-- This site is optimized with the Yoast SEO plugin v20.5 - https:\/\/yoast.com\/wordpress\/plugins\/seo\/ -->\n<title>M\u00e9dia - MT Elektronika<\/title>\n<meta name=\"description\" content=\"MT elektronika m\u00e9diat\u00e1r, Fot\u00f3k, Vide\u00f3k, C\u00e9g \u00e9letk\u00e9pek, Munkat\u00e1rsak, K\u00e9sz project k\u00e9pek, K\u00e9sz fot\u00f3k. Telekommunik\u00e1ci\u00f3s h\u00e1l\u00f3zat k\u00e9pek\" \/>\n<meta name=\"robots\" content=\"index, follow, max-snippet:-1, max-image-preview:large, max-video-preview:-1\" \/>\n<link rel=\"canonical\" href=\"https:\/\/mtelektronika.hu\/?page_id=250\" \/>\n<meta property=\"og:locale\" content=\"hu_HU\" \/>\n<meta property=\"og:type\" content=\"article\" \/>\n<meta property=\"og:title\" content=\"M\u00e9dia - MT Elektronika\" \/>\n<meta property=\"og:description\" content=\"MT elektronika m\u00e9diat\u00e1r, Fot\u00f3k, Vide\u00f3k, C\u00e9g \u00e9letk\u00e9pek, Munkat\u00e1rsak, K\u00e9sz project k\u00e9pek, K\u00e9sz fot\u00f3k. Telekommunik\u00e1ci\u00f3s h\u00e1l\u00f3zat k\u00e9pek\" \/>\n<meta property=\"og:url\" content=\"https:\/\/mtelektronika.hu\/?page_id=250\" \/>\n<meta property=\"og:site_name\" content=\"MT Elektronika\" \/>\n<meta property=\"article:modified_time\" content=\"2023-03-15T16:04:57+00:00\" \/>\n<meta property=\"og:image\" content=\"https:\/\/mtelektronika.hu\/wp-content\/uploads\/2022\/11\/Kapcsolodoboz-1024x768.jpg\" \/>\n<meta name=\"twitter:card\" content=\"summary_large_image\" \/>\n<meta name=\"twitter:label1\" content=\"Becs\u00fclt olvas\u00e1si id\u0151\" \/>\n\t<meta name=\"twitter:data1\" content=\"2 perc\" \/>\n<script type=\"application\/ld+json\" class=\"yoast-schema-graph\">{\"@context\":\"https:\/\/schema.org\",\"@graph\":[{\"@type\":\"WebPage\",\"@id\":\"https:\/\/mtelektronika.hu\/?page_id=250\",\"url\":\"https:\/\/mtelektronika.hu\/?page_id=250\",\"name\":\"M\u00e9dia - MT Elektronika\",\"isPartOf\":{\"@id\":\"https:\/\/mtelektronika.hu\/#website\"},\"datePublished\":\"2022-11-18T10:19:23+00:00\",\"dateModified\":\"2023-03-15T16:04:57+00:00\",\"description\":\"MT elektronika m\u00e9diat\u00e1r, Fot\u00f3k, Vide\u00f3k, C\u00e9g \u00e9letk\u00e9pek, Munkat\u00e1rsak, K\u00e9sz project k\u00e9pek, K\u00e9sz fot\u00f3k. Telekommunik\u00e1ci\u00f3s h\u00e1l\u00f3zat k\u00e9pek\",\"breadcrumb\":{\"@id\":\"https:\/\/mtelektronika.hu\/?page_id=250#breadcrumb\"},\"inLanguage\":\"hu\",\"potentialAction\":[{\"@type\":\"ReadAction\",\"target\":[\"https:\/\/mtelektronika.hu\/?page_id=250\"]}]},{\"@type\":\"BreadcrumbList\",\"@id\":\"https:\/\/mtelektronika.hu\/?page_id=250#breadcrumb\",\"itemListElement\":[{\"@type\":\"ListItem\",\"position\":1,\"name\":\"Kezd\u0151lap\",\"item\":\"https:\/\/mtelektronika.hu\/\"},{\"@type\":\"ListItem\",\"position\":2,\"name\":\"M\u00e9dia\"}]},{\"@type\":\"WebSite\",\"@id\":\"https:\/\/mtelektronika.hu\/#website\",\"url\":\"https:\/\/mtelektronika.hu\/\",\"name\":\"MT Elektronika\",\"description\":\"MT elektronika h\u00e1l\u00f3zat\u00e9p\u00edt\u00e9s\",\"publisher\":{\"@id\":\"https:\/\/mtelektronika.hu\/#organization\"},\"potentialAction\":[{\"@type\":\"SearchAction\",\"target\":{\"@type\":\"EntryPoint\",\"urlTemplate\":\"https:\/\/mtelektronika.hu\/?s={search_term_string}\"},\"query-input\":\"required name=search_term_string\"}],\"inLanguage\":\"hu\"},{\"@type\":\"Organization\",\"@id\":\"https:\/\/mtelektronika.hu\/#organization\",\"name\":\"MT Elektronika\",\"url\":\"https:\/\/mtelektronika.hu\/\",\"logo\":{\"@type\":\"ImageObject\",\"inLanguage\":\"hu\",\"@id\":\"https:\/\/mtelektronika.hu\/#\/schema\/logo\/image\/\",\"url\":\"https:\/\/mtelektronika.hu\/wp-content\/uploads\/2022\/10\/Logo32_512x588.png\",\"contentUrl\":\"https:\/\/mtelektronika.hu\/wp-content\/uploads\/2022\/10\/Logo32_512x588.png\",\"width\":512,\"height\":288,\"caption\":\"MT Elektronika\"},\"image\":{\"@id\":\"https:\/\/mtelektronika.hu\/#\/schema\/logo\/image\/\"}}]}<\/script>\n<!-- \/ Yoast SEO plugin. -->","yoast_head_json":{"title":"M\u00e9dia - MT Elektronika","description":"MT elektronika m\u00e9diat\u00e1r, Fot\u00f3k, Vide\u00f3k, C\u00e9g \u00e9letk\u00e9pek, Munkat\u00e1rsak, K\u00e9sz project k\u00e9pek, K\u00e9sz fot\u00f3k. Telekommunik\u00e1ci\u00f3s h\u00e1l\u00f3zat k\u00e9pek","robots":{"index":"index","follow":"follow","max-snippet":"max-snippet:-1","max-image-preview":"max-image-preview:large","max-video-preview":"max-video-preview:-1"},"canonical":"https:\/\/mtelektronika.hu\/?page_id=250","og_locale":"hu_HU","og_type":"article","og_title":"M\u00e9dia - MT Elektronika","og_description":"MT elektronika m\u00e9diat\u00e1r, Fot\u00f3k, Vide\u00f3k, C\u00e9g \u00e9letk\u00e9pek, Munkat\u00e1rsak, K\u00e9sz project k\u00e9pek, K\u00e9sz fot\u00f3k. Telekommunik\u00e1ci\u00f3s h\u00e1l\u00f3zat k\u00e9pek","og_url":"https:\/\/mtelektronika.hu\/?page_id=250","og_site_name":"MT Elektronika","article_modified_time":"2023-03-15T16:04:57+00:00","og_image":[{"url":"https:\/\/mtelektronika.hu\/wp-content\/uploads\/2022\/11\/Kapcsolodoboz-1024x768.jpg"}],"twitter_card":"summary_large_image","twitter_misc":{"Becs\u00fclt olvas\u00e1si id\u0151":"2 perc"},"schema":{"@context":"https:\/\/schema.org","@graph":[{"@type":"WebPage","@id":"https:\/\/mtelektronika.hu\/?page_id=250","url":"https:\/\/mtelektronika.hu\/?page_id=250","name":"M\u00e9dia - MT Elektronika","isPartOf":{"@id":"https:\/\/mtelektronika.hu\/#website"},"datePublished":"2022-11-18T10:19:23+00:00","dateModified":"2023-03-15T16:04:57+00:00","description":"MT elektronika m\u00e9diat\u00e1r, Fot\u00f3k, Vide\u00f3k, C\u00e9g \u00e9letk\u00e9pek, Munkat\u00e1rsak, K\u00e9sz project k\u00e9pek, K\u00e9sz fot\u00f3k. Telekommunik\u00e1ci\u00f3s h\u00e1l\u00f3zat k\u00e9pek","breadcrumb":{"@id":"https:\/\/mtelektronika.hu\/?page_id=250#breadcrumb"},"inLanguage":"hu","potentialAction":[{"@type":"ReadAction","target":["https:\/\/mtelektronika.hu\/?page_id=250"]}]},{"@type":"BreadcrumbList","@id":"https:\/\/mtelektronika.hu\/?page_id=250#breadcrumb","itemListElement":[{"@type":"ListItem","position":1,"name":"Kezd\u0151lap","item":"https:\/\/mtelektronika.hu\/"},{"@type":"ListItem","position":2,"name":"M\u00e9dia"}]},{"@type":"WebSite","@id":"https:\/\/mtelektronika.hu\/#website","url":"https:\/\/mtelektronika.hu\/","name":"MT Elektronika","description":"MT elektronika h\u00e1l\u00f3zat\u00e9p\u00edt\u00e9s","publisher":{"@id":"https:\/\/mtelektronika.hu\/#organization"},"potentialAction":[{"@type":"SearchAction","target":{"@type":"EntryPoint","urlTemplate":"https:\/\/mtelektronika.hu\/?s={search_term_string}"},"query-input":"required name=search_term_string"}],"inLanguage":"hu"},{"@type":"Organization","@id":"https:\/\/mtelektronika.hu\/#organization","name":"MT Elektronika","url":"https:\/\/mtelektronika.hu\/","logo":{"@type":"ImageObject","inLanguage":"hu","@id":"https:\/\/mtelektronika.hu\/#\/schema\/logo\/image\/","url":"https:\/\/mtelektronika.hu\/wp-content\/uploads\/2022\/10\/Logo32_512x588.png","contentUrl":"https:\/\/mtelektronika.hu\/wp-content\/uploads\/2022\/10\/Logo32_512x588.png","width":512,"height":288,"caption":"MT Elektronika"},"image":{"@id":"https:\/\/mtelektronika.hu\/#\/schema\/logo\/image\/"}}]}},"_links":{"self":[{"href":"https:\/\/mtelektronika.hu\/index.php?rest_route=\/wp\/v2\/pages\/250","targetHints":{"allow":["GET"]}}],"collection":[{"href":"https:\/\/mtelektronika.hu\/index.php?rest_route=\/wp\/v2\/pages"}],"about":[{"href":"https:\/\/mtelektronika.hu\/index.php?rest_route=\/wp\/v2\/types\/page"}],"author":[{"embeddable":true,"href":"https:\/\/mtelektronika.hu\/index.php?rest_route=\/wp\/v2\/users\/1"}],"replies":[{"embeddable":true,"href":"https:\/\/mtelektronika.hu\/index.php?rest_route=%2Fwp%2Fv2%2Fcomments&post=250"}],"version-history":[{"count":44,"href":"https:\/\/mtelektronika.hu\/index.php?rest_route=\/wp\/v2\/pages\/250\/revisions"}],"predecessor-version":[{"id":536,"href":"https:\/\/mtelektronika.hu\/index.php?rest_route=\/wp\/v2\/pages\/250\/revisions\/536"}],"wp:attachment":[{"href":"https:\/\/mtelektronika.hu\/index.php?rest_route=%2Fwp%2Fv2%2Fmedia&parent=250"}],"curies":[{"name":"wp","href":"https:\/\/api.w.org\/{rel}","templated":true}]}}