{"id":440,"date":"2023-03-13T18:28:02","date_gmt":"2023-03-13T17:28:02","guid":{"rendered":"https:\/\/mtelektronika.hu\/?page_id=440"},"modified":"2023-03-13T18:52:22","modified_gmt":"2023-03-13T17:52:22","slug":"mt-elektronika-kft-2","status":"publish","type":"page","link":"https:\/\/mtelektronika.hu\/?page_id=440","title":{"rendered":"Tev\u00e9kenys\u00e9g"},"content":{"rendered":"\t\t<div data-elementor-type=\"wp-page\" data-elementor-id=\"440\" class=\"elementor elementor-440\">\n\t\t\t\t\t\t\t\t\t<section class=\"elementor-section elementor-top-section elementor-element elementor-element-31e08081 elementor-section-boxed elementor-section-height-default elementor-section-height-default\" data-id=\"31e08081\" data-element_type=\"section\" data-settings=\"{&quot;background_background&quot;:&quot;classic&quot;}\">\n\t\t\t\t\t\t\t<div class=\"elementor-background-overlay\"><\/div>\n\t\t\t\t\t\t\t<div class=\"elementor-container elementor-column-gap-default\">\n\t\t\t\t\t<div class=\"elementor-column elementor-col-100 elementor-top-column elementor-element elementor-element-e923390\" data-id=\"e923390\" data-element_type=\"column\">\n\t\t\t<div class=\"elementor-widget-wrap elementor-element-populated\">\n\t\t\t\t\t\t\t\t\t<\/div>\n\t\t<\/div>\n\t\t\t\t\t\t\t<\/div>\n\t\t<\/section>\n\t\t\t\t<section class=\"elementor-section elementor-top-section elementor-element elementor-element-69d1d72c elementor-section-content-top elementor-section-boxed elementor-section-height-default elementor-section-height-default\" data-id=\"69d1d72c\" data-element_type=\"section\" data-settings=\"{&quot;background_background&quot;:&quot;classic&quot;,&quot;shape_divider_top&quot;:&quot;mountains&quot;,&quot;shape_divider_bottom&quot;:&quot;waves&quot;}\">\n\t\t\t\t\t\t\t<div class=\"elementor-background-overlay\"><\/div>\n\t\t\t\t\t\t<div class=\"elementor-shape elementor-shape-top\" data-negative=\"false\">\n\t\t\t<svg xmlns=\"http:\/\/www.w3.org\/2000\/svg\" viewBox=\"0 0 1000 100\" preserveAspectRatio=\"none\">\n\t<path class=\"elementor-shape-fill\" opacity=\"0.33\" d=\"M473,67.3c-203.9,88.3-263.1-34-320.3,0C66,119.1,0,59.7,0,59.7V0h1000v59.7 c0,0-62.1,26.1-94.9,29.3c-32.8,3.3-62.8-12.3-75.8-22.1C806,49.6,745.3,8.7,694.9,4.7S492.4,59,473,67.3z\"\/>\n\t<path class=\"elementor-shape-fill\" opacity=\"0.66\" d=\"M734,67.3c-45.5,0-77.2-23.2-129.1-39.1c-28.6-8.7-150.3-10.1-254,39.1 s-91.7-34.4-149.2,0C115.7,118.3,0,39.8,0,39.8V0h1000v36.5c0,0-28.2-18.5-92.1-18.5C810.2,18.1,775.7,67.3,734,67.3z\"\/>\n\t<path class=\"elementor-shape-fill\" d=\"M766.1,28.9c-200-57.5-266,65.5-395.1,19.5C242,1.8,242,5.4,184.8,20.6C128,35.8,132.3,44.9,89.9,52.5C28.6,63.7,0,0,0,0 h1000c0,0-9.9,40.9-83.6,48.1S829.6,47,766.1,28.9z\"\/>\n<\/svg>\t\t<\/div>\n\t\t\t\t<div class=\"elementor-shape elementor-shape-bottom\" data-negative=\"false\">\n\t\t\t<svg xmlns=\"http:\/\/www.w3.org\/2000\/svg\" viewBox=\"0 0 1000 100\" preserveAspectRatio=\"none\">\n\t<path class=\"elementor-shape-fill\" d=\"M421.9,6.5c22.6-2.5,51.5,0.4,75.5,5.3c23.6,4.9,70.9,23.5,100.5,35.7c75.8,32.2,133.7,44.5,192.6,49.7\n\tc23.6,2.1,48.7,3.5,103.4-2.5c54.7-6,106.2-25.6,106.2-25.6V0H0v30.3c0,0,72,32.6,158.4,30.5c39.2-0.7,92.8-6.7,134-22.4\n\tc21.2-8.1,52.2-18.2,79.7-24.2C399.3,7.9,411.6,7.5,421.9,6.5z\"\/>\n<\/svg>\t\t<\/div>\n\t\t\t\t\t<div class=\"elementor-container elementor-column-gap-default\">\n\t\t\t\t\t<div class=\"elementor-column elementor-col-50 elementor-top-column elementor-element elementor-element-79018a72 elementor-invisible\" data-id=\"79018a72\" data-element_type=\"column\" data-settings=\"{&quot;animation&quot;:&quot;fadeInLeft&quot;}\">\n\t\t\t<div class=\"elementor-widget-wrap elementor-element-populated\">\n\t\t\t\t\t\t\t\t<div class=\"elementor-element elementor-element-1fe1c17 elementor-widget elementor-widget-image\" data-id=\"1fe1c17\" data-element_type=\"widget\" data-widget_type=\"image.default\">\n\t\t\t\t<div class=\"elementor-widget-container\">\n\t\t\t<style>\/*! elementor - v3.12.1 - 02-04-2023 *\/\n.elementor-widget-image{text-align:center}.elementor-widget-image a{display:inline-block}.elementor-widget-image a img[src$=\".svg\"]{width:48px}.elementor-widget-image img{vertical-align:middle;display:inline-block}<\/style>\t\t\t\t\t\t\t\t\t\t\t\t<img decoding=\"async\" src=\"https:\/\/mtelektronika.hu\/wp-content\/uploads\/elementor\/thumbs\/rawpixel-795583-unsplash-copyright-min-pwej92mba77zyrpui1mph47wrzcd4wkin7iurof8k2.jpg\" title=\"rawpixel-795583-unsplash-copyright-min.jpg\" alt=\"rawpixel-795583-unsplash-copyright-min.jpg\" loading=\"lazy\" \/>\t\t\t\t\t\t\t\t\t\t\t\t\t\t\t<\/div>\n\t\t\t\t<\/div>\n\t\t\t\t\t<\/div>\n\t\t<\/div>\n\t\t\t\t<div class=\"elementor-column elementor-col-50 elementor-top-column elementor-element elementor-element-5bc22058 elementor-invisible\" data-id=\"5bc22058\" data-element_type=\"column\" data-settings=\"{&quot;animation&quot;:&quot;fadeInRight&quot;}\">\n\t\t\t<div class=\"elementor-widget-wrap elementor-element-populated\">\n\t\t\t\t\t\t\t\t<div class=\"elementor-element elementor-element-5f2ba06 elementor-widget elementor-widget-text-editor\" data-id=\"5f2ba06\" data-element_type=\"widget\" data-widget_type=\"text-editor.default\">\n\t\t\t\t<div class=\"elementor-widget-container\">\n\t\t\t<style>\/*! elementor - v3.12.1 - 02-04-2023 *\/\n.elementor-widget-text-editor.elementor-drop-cap-view-stacked .elementor-drop-cap{background-color:#69727d;color:#fff}.elementor-widget-text-editor.elementor-drop-cap-view-framed .elementor-drop-cap{color:#69727d;border:3px solid;background-color:transparent}.elementor-widget-text-editor:not(.elementor-drop-cap-view-default) .elementor-drop-cap{margin-top:8px}.elementor-widget-text-editor:not(.elementor-drop-cap-view-default) .elementor-drop-cap-letter{width:1em;height:1em}.elementor-widget-text-editor .elementor-drop-cap{float:left;text-align:center;line-height:1;font-size:50px}.elementor-widget-text-editor .elementor-drop-cap-letter{display:inline-block}<\/style>\t\t\t\t<p>F\u0151bb tev\u00e9kenys\u00e9geink:<\/p><ul><li>Kis- \u00e9s nagy volumen\u0171 f\u00f6ldmunka v\u00e9gz\u00e9se<\/li><li>T\u00e1vk\u00f6zl\u00e9si h\u00e1l\u00f3zatok tervez\u00e9se \u00e9s kivitelez\u00e9se l\u00e9ges \u00e9s f\u00f6ldes h\u00e1l\u00f3zaton egyar\u00e1nt<\/li><li>\u00c9p\u00fcletek bels\u0151 gyenge\u00e1ram\u00fa h\u00e1l\u00f3zat\u00e1nak ki\u00e9p\u00edt\u00e9se<\/li><li>Oszlop\u00e1ll\u00edt\u00e1s<\/li><li>Egyedi t\u00e1vk\u00f6zl\u00e9si megrendel\u00e9sek teljes\u00edt\u00e9se a megrendel\u0151 ig\u00e9nyei szerint<\/li><\/ul>\t\t\t\t\t\t<\/div>\n\t\t\t\t<\/div>\n\t\t\t\t\t<\/div>\n\t\t<\/div>\n\t\t\t\t\t\t\t<\/div>\n\t\t<\/section>\n\t\t\t\t<section class=\"elementor-section elementor-top-section elementor-element elementor-element-7feed31 elementor-section-boxed elementor-section-height-default elementor-section-height-default\" data-id=\"7feed31\" data-element_type=\"section\">\n\t\t\t\t\t\t<div class=\"elementor-container elementor-column-gap-default\">\n\t\t\t\t\t<div class=\"elementor-column elementor-col-100 elementor-top-column elementor-element elementor-element-bdeb3ef\" data-id=\"bdeb3ef\" data-element_type=\"column\">\n\t\t\t<div class=\"elementor-widget-wrap elementor-element-populated\">\n\t\t\t\t\t\t\t\t<section class=\"elementor-section elementor-inner-section elementor-element elementor-element-3d69754 elementor-section-boxed elementor-section-height-default elementor-section-height-default\" data-id=\"3d69754\" data-element_type=\"section\">\n\t\t\t\t\t\t<div class=\"elementor-container elementor-column-gap-default\">\n\t\t\t\t\t<div class=\"elementor-column elementor-col-50 elementor-inner-column elementor-element elementor-element-88d0674\" data-id=\"88d0674\" data-element_type=\"column\">\n\t\t\t<div class=\"elementor-widget-wrap\">\n\t\t\t\t\t\t\t\t\t<\/div>\n\t\t<\/div>\n\t\t\t\t<div class=\"elementor-column elementor-col-50 elementor-inner-column elementor-element elementor-element-b72e690\" data-id=\"b72e690\" data-element_type=\"column\">\n\t\t\t<div class=\"elementor-widget-wrap\">\n\t\t\t\t\t\t\t\t\t<\/div>\n\t\t<\/div>\n\t\t\t\t\t\t\t<\/div>\n\t\t<\/section>\n\t\t\t\t\t<\/div>\n\t\t<\/div>\n\t\t\t\t\t\t\t<\/div>\n\t\t<\/section>\n\t\t\t\t<section class=\"elementor-section elementor-top-section elementor-element elementor-element-38290309 elementor-section-boxed elementor-section-height-default elementor-section-height-default\" data-id=\"38290309\" data-element_type=\"section\" data-settings=\"{&quot;background_background&quot;:&quot;classic&quot;}\">\n\t\t\t\t\t\t<div class=\"elementor-container elementor-column-gap-default\">\n\t\t\t\t\t<div class=\"elementor-column elementor-col-50 elementor-top-column elementor-element elementor-element-34559b8f\" data-id=\"34559b8f\" data-element_type=\"column\" data-settings=\"{&quot;background_background&quot;:&quot;classic&quot;}\">\n\t\t\t<div class=\"elementor-widget-wrap elementor-element-populated\">\n\t\t\t\t\t\t\t\t<div class=\"elementor-element elementor-element-4f83932d e-grid-align-left e-grid-align-mobile-center elementor-shape-rounded elementor-grid-0 elementor-invisible elementor-widget elementor-widget-social-icons\" data-id=\"4f83932d\" data-element_type=\"widget\" data-settings=\"{&quot;_animation&quot;:&quot;fadeInLeft&quot;}\" data-widget_type=\"social-icons.default\">\n\t\t\t\t<div class=\"elementor-widget-container\">\n\t\t\t<style>\/*! elementor - v3.12.1 - 02-04-2023 *\/\n.elementor-widget-social-icons.elementor-grid-0 .elementor-widget-container,.elementor-widget-social-icons.elementor-grid-mobile-0 .elementor-widget-container,.elementor-widget-social-icons.elementor-grid-tablet-0 .elementor-widget-container{line-height:1;font-size:0}.elementor-widget-social-icons:not(.elementor-grid-0):not(.elementor-grid-tablet-0):not(.elementor-grid-mobile-0) .elementor-grid{display:inline-grid}.elementor-widget-social-icons .elementor-grid{grid-column-gap:var(--grid-column-gap,5px);grid-row-gap:var(--grid-row-gap,5px);grid-template-columns:var(--grid-template-columns);justify-content:var(--justify-content,center);justify-items:var(--justify-content,center)}.elementor-icon.elementor-social-icon{font-size:var(--icon-size,25px);line-height:var(--icon-size,25px);width:calc(var(--icon-size, 25px) + (2 * var(--icon-padding, .5em)));height:calc(var(--icon-size, 25px) + (2 * var(--icon-padding, .5em)))}.elementor-social-icon{--e-social-icon-icon-color:#fff;display:inline-flex;background-color:#69727d;align-items:center;justify-content:center;text-align:center;cursor:pointer}.elementor-social-icon i{color:var(--e-social-icon-icon-color)}.elementor-social-icon svg{fill:var(--e-social-icon-icon-color)}.elementor-social-icon:last-child{margin:0}.elementor-social-icon:hover{opacity:.9;color:#fff}.elementor-social-icon-android{background-color:#a4c639}.elementor-social-icon-apple{background-color:#999}.elementor-social-icon-behance{background-color:#1769ff}.elementor-social-icon-bitbucket{background-color:#205081}.elementor-social-icon-codepen{background-color:#000}.elementor-social-icon-delicious{background-color:#39f}.elementor-social-icon-deviantart{background-color:#05cc47}.elementor-social-icon-digg{background-color:#005be2}.elementor-social-icon-dribbble{background-color:#ea4c89}.elementor-social-icon-elementor{background-color:#d30c5c}.elementor-social-icon-envelope{background-color:#ea4335}.elementor-social-icon-facebook,.elementor-social-icon-facebook-f{background-color:#3b5998}.elementor-social-icon-flickr{background-color:#0063dc}.elementor-social-icon-foursquare{background-color:#2d5be3}.elementor-social-icon-free-code-camp,.elementor-social-icon-freecodecamp{background-color:#006400}.elementor-social-icon-github{background-color:#333}.elementor-social-icon-gitlab{background-color:#e24329}.elementor-social-icon-globe{background-color:#69727d}.elementor-social-icon-google-plus,.elementor-social-icon-google-plus-g{background-color:#dd4b39}.elementor-social-icon-houzz{background-color:#7ac142}.elementor-social-icon-instagram{background-color:#262626}.elementor-social-icon-jsfiddle{background-color:#487aa2}.elementor-social-icon-link{background-color:#818a91}.elementor-social-icon-linkedin,.elementor-social-icon-linkedin-in{background-color:#0077b5}.elementor-social-icon-medium{background-color:#00ab6b}.elementor-social-icon-meetup{background-color:#ec1c40}.elementor-social-icon-mixcloud{background-color:#273a4b}.elementor-social-icon-odnoklassniki{background-color:#f4731c}.elementor-social-icon-pinterest{background-color:#bd081c}.elementor-social-icon-product-hunt{background-color:#da552f}.elementor-social-icon-reddit{background-color:#ff4500}.elementor-social-icon-rss{background-color:#f26522}.elementor-social-icon-shopping-cart{background-color:#4caf50}.elementor-social-icon-skype{background-color:#00aff0}.elementor-social-icon-slideshare{background-color:#0077b5}.elementor-social-icon-snapchat{background-color:#fffc00}.elementor-social-icon-soundcloud{background-color:#f80}.elementor-social-icon-spotify{background-color:#2ebd59}.elementor-social-icon-stack-overflow{background-color:#fe7a15}.elementor-social-icon-steam{background-color:#00adee}.elementor-social-icon-stumbleupon{background-color:#eb4924}.elementor-social-icon-telegram{background-color:#2ca5e0}.elementor-social-icon-thumb-tack{background-color:#1aa1d8}.elementor-social-icon-tripadvisor{background-color:#589442}.elementor-social-icon-tumblr{background-color:#35465c}.elementor-social-icon-twitch{background-color:#6441a5}.elementor-social-icon-twitter{background-color:#1da1f2}.elementor-social-icon-viber{background-color:#665cac}.elementor-social-icon-vimeo{background-color:#1ab7ea}.elementor-social-icon-vk{background-color:#45668e}.elementor-social-icon-weibo{background-color:#dd2430}.elementor-social-icon-weixin{background-color:#31a918}.elementor-social-icon-whatsapp{background-color:#25d366}.elementor-social-icon-wordpress{background-color:#21759b}.elementor-social-icon-xing{background-color:#026466}.elementor-social-icon-yelp{background-color:#af0606}.elementor-social-icon-youtube{background-color:#cd201f}.elementor-social-icon-500px{background-color:#0099e5}.elementor-shape-rounded .elementor-icon.elementor-social-icon{border-radius:10%}.elementor-shape-circle .elementor-icon.elementor-social-icon{border-radius:50%}<\/style>\t\t<div class=\"elementor-social-icons-wrapper elementor-grid\">\n\t\t\t\t\t\t\t<span class=\"elementor-grid-item\">\n\t\t\t\t\t<a class=\"elementor-icon elementor-social-icon elementor-social-icon-twitter elementor-animation-shrink elementor-repeater-item-35f29a4\" target=\"_blank\">\n\t\t\t\t\t\t<span class=\"elementor-screen-only\">Twitter<\/span>\n\t\t\t\t\t\t\t\t\t\t\t\t\t<i class=\"fa fa-twitter\"><\/i>\n\t\t\t\t\t\t\t\t\t\t\t<\/a>\n\t\t\t\t<\/span>\n\t\t\t\t\t\t\t<span class=\"elementor-grid-item\">\n\t\t\t\t\t<a class=\"elementor-icon elementor-social-icon elementor-social-icon-facebook elementor-animation-shrink elementor-repeater-item-d4406ed\" target=\"_blank\">\n\t\t\t\t\t\t<span class=\"elementor-screen-only\">Facebook<\/span>\n\t\t\t\t\t\t\t\t\t\t\t\t\t<i class=\"fa fa-facebook\"><\/i>\n\t\t\t\t\t\t\t\t\t\t\t<\/a>\n\t\t\t\t<\/span>\n\t\t\t\t\t\t\t<span class=\"elementor-grid-item\">\n\t\t\t\t\t<a class=\"elementor-icon elementor-social-icon elementor-social-icon-linkedin elementor-animation-shrink elementor-repeater-item-47b5978\" target=\"_blank\">\n\t\t\t\t\t\t<span class=\"elementor-screen-only\">Linkedin<\/span>\n\t\t\t\t\t\t\t\t\t\t\t\t\t<i class=\"fa fa-linkedin\"><\/i>\n\t\t\t\t\t\t\t\t\t\t\t<\/a>\n\t\t\t\t<\/span>\n\t\t\t\t\t<\/div>\n\t\t\t\t<\/div>\n\t\t\t\t<\/div>\n\t\t\t\t\t<\/div>\n\t\t<\/div>\n\t\t\t\t<div class=\"elementor-column elementor-col-50 elementor-top-column elementor-element elementor-element-8e3288e\" data-id=\"8e3288e\" data-element_type=\"column\">\n\t\t\t<div class=\"elementor-widget-wrap elementor-element-populated\">\n\t\t\t\t\t\t\t\t<div class=\"elementor-element elementor-element-4720121a elementor-align-right elementor-tablet-align-center elementor-widget elementor-widget-button\" data-id=\"4720121a\" data-element_type=\"widget\" data-widget_type=\"button.default\">\n\t\t\t\t<div class=\"elementor-widget-container\">\n\t\t\t\t\t<div class=\"elementor-button-wrapper\">\n\t\t\t<a href=\"#\" class=\"elementor-button-link elementor-button elementor-size-sm\" role=\"button\">\n\t\t\t\t\t\t<span class=\"elementor-button-content-wrapper\">\n\t\t\t\t\t\t<span class=\"elementor-button-text\">Kapcsolat<\/span>\n\t\t<\/span>\n\t\t\t\t\t<\/a>\n\t\t<\/div>\n\t\t\t\t<\/div>\n\t\t\t\t<\/div>\n\t\t\t\t\t<\/div>\n\t\t<\/div>\n\t\t\t\t\t\t\t<\/div>\n\t\t<\/section>\n\t\t\t\t\t\t\t<\/div>\n\t\t","protected":false},"excerpt":{"rendered":"<p>F\u0151bb tev\u00e9kenys\u00e9geink: Kis- \u00e9s nagy volumen\u0171 f\u00f6ldmunka v\u00e9gz\u00e9se T\u00e1vk\u00f6zl\u00e9si h\u00e1l\u00f3zatok tervez\u00e9se \u00e9s kivitelez\u00e9se l\u00e9ges \u00e9s f\u00f6ldes h\u00e1l\u00f3zaton egyar\u00e1nt \u00c9p\u00fcletek bels\u0151 gyenge\u00e1ram\u00fa h\u00e1l\u00f3zat\u00e1nak ki\u00e9p\u00edt\u00e9se Oszlop\u00e1ll\u00edt\u00e1s Egyedi t\u00e1vk\u00f6zl\u00e9si megrendel\u00e9sek teljes\u00edt\u00e9se a megrendel\u0151 ig\u00e9nyei szerint Twitter Facebook Linkedin Kapcsolat<\/p>\n","protected":false},"author":1,"featured_media":0,"parent":0,"menu_order":0,"comment_status":"closed","ping_status":"closed","template":"","meta":{"footnotes":""},"class_list":["post-440","page","type-page","status-publish","hentry"],"yoast_head":"<!-- This site is optimized with the Yoast SEO plugin v20.5 - https:\/\/yoast.com\/wordpress\/plugins\/seo\/ -->\n<title>Tev\u00e9kenys\u00e9g - MT Elektronika<\/title>\n<meta name=\"description\" content=\"MT Elektronika Kft. Elektronika Nagykanizsa. Telekommunik\u00e1ci\u00f3s h\u00e1l\u00f3zat \u00e9p\u00edt\u00e9se. Telefonvezet\u00e9s ki\u00e9p\u00edt\u00e9s. Interneth\u00e1l\u00f3zat ki\u00e9p\u00edt\u00e9se. V\u00e9gpont ki\u00e9p\u00edt\u00e9s. H\u00e1l\u00f3zatszerel\u00e9s.\" \/>\n<meta name=\"robots\" content=\"index, follow, max-snippet:-1, max-image-preview:large, max-video-preview:-1\" \/>\n<link rel=\"canonical\" href=\"https:\/\/mtelektronika.hu\/?page_id=440\" \/>\n<meta property=\"og:locale\" content=\"hu_HU\" \/>\n<meta property=\"og:type\" content=\"article\" \/>\n<meta property=\"og:title\" content=\"Tev\u00e9kenys\u00e9g - MT Elektronika\" \/>\n<meta property=\"og:description\" content=\"MT Elektronika Kft. Elektronika Nagykanizsa. Telekommunik\u00e1ci\u00f3s h\u00e1l\u00f3zat \u00e9p\u00edt\u00e9se. Telefonvezet\u00e9s ki\u00e9p\u00edt\u00e9s. Interneth\u00e1l\u00f3zat ki\u00e9p\u00edt\u00e9se. V\u00e9gpont ki\u00e9p\u00edt\u00e9s. H\u00e1l\u00f3zatszerel\u00e9s.\" \/>\n<meta property=\"og:url\" content=\"https:\/\/mtelektronika.hu\/?page_id=440\" \/>\n<meta property=\"og:site_name\" content=\"MT Elektronika\" \/>\n<meta property=\"article:modified_time\" content=\"2023-03-13T17:52:22+00:00\" \/>\n<meta property=\"og:image\" content=\"https:\/\/mtelektronika.hu\/wp-content\/uploads\/elementor\/thumbs\/rawpixel-795583-unsplash-copyright-min-pwej92mba77zyrpui1mph47wrzcd4wkin7iurof8k2.jpg\" \/>\n<meta name=\"twitter:card\" content=\"summary_large_image\" \/>\n<meta name=\"twitter:label1\" content=\"Becs\u00fclt olvas\u00e1si id\u0151\" \/>\n\t<meta name=\"twitter:data1\" content=\"1 perc\" \/>\n<script type=\"application\/ld+json\" class=\"yoast-schema-graph\">{\"@context\":\"https:\/\/schema.org\",\"@graph\":[{\"@type\":\"WebPage\",\"@id\":\"https:\/\/mtelektronika.hu\/?page_id=440\",\"url\":\"https:\/\/mtelektronika.hu\/?page_id=440\",\"name\":\"Tev\u00e9kenys\u00e9g - MT Elektronika\",\"isPartOf\":{\"@id\":\"https:\/\/mtelektronika.hu\/#website\"},\"datePublished\":\"2023-03-13T17:28:02+00:00\",\"dateModified\":\"2023-03-13T17:52:22+00:00\",\"description\":\"MT Elektronika Kft. Elektronika Nagykanizsa. Telekommunik\u00e1ci\u00f3s h\u00e1l\u00f3zat \u00e9p\u00edt\u00e9se. Telefonvezet\u00e9s ki\u00e9p\u00edt\u00e9s. Interneth\u00e1l\u00f3zat ki\u00e9p\u00edt\u00e9se. V\u00e9gpont ki\u00e9p\u00edt\u00e9s. H\u00e1l\u00f3zatszerel\u00e9s.\",\"breadcrumb\":{\"@id\":\"https:\/\/mtelektronika.hu\/?page_id=440#breadcrumb\"},\"inLanguage\":\"hu\",\"potentialAction\":[{\"@type\":\"ReadAction\",\"target\":[\"https:\/\/mtelektronika.hu\/?page_id=440\"]}]},{\"@type\":\"BreadcrumbList\",\"@id\":\"https:\/\/mtelektronika.hu\/?page_id=440#breadcrumb\",\"itemListElement\":[{\"@type\":\"ListItem\",\"position\":1,\"name\":\"Kezd\u0151lap\",\"item\":\"https:\/\/mtelektronika.hu\/\"},{\"@type\":\"ListItem\",\"position\":2,\"name\":\"Tev\u00e9kenys\u00e9g\"}]},{\"@type\":\"WebSite\",\"@id\":\"https:\/\/mtelektronika.hu\/#website\",\"url\":\"https:\/\/mtelektronika.hu\/\",\"name\":\"MT Elektronika\",\"description\":\"MT elektronika h\u00e1l\u00f3zat\u00e9p\u00edt\u00e9s\",\"publisher\":{\"@id\":\"https:\/\/mtelektronika.hu\/#organization\"},\"potentialAction\":[{\"@type\":\"SearchAction\",\"target\":{\"@type\":\"EntryPoint\",\"urlTemplate\":\"https:\/\/mtelektronika.hu\/?s={search_term_string}\"},\"query-input\":\"required name=search_term_string\"}],\"inLanguage\":\"hu\"},{\"@type\":\"Organization\",\"@id\":\"https:\/\/mtelektronika.hu\/#organization\",\"name\":\"MT Elektronika\",\"url\":\"https:\/\/mtelektronika.hu\/\",\"logo\":{\"@type\":\"ImageObject\",\"inLanguage\":\"hu\",\"@id\":\"https:\/\/mtelektronika.hu\/#\/schema\/logo\/image\/\",\"url\":\"https:\/\/mtelektronika.hu\/wp-content\/uploads\/2022\/10\/Logo32_512x588.png\",\"contentUrl\":\"https:\/\/mtelektronika.hu\/wp-content\/uploads\/2022\/10\/Logo32_512x588.png\",\"width\":512,\"height\":288,\"caption\":\"MT Elektronika\"},\"image\":{\"@id\":\"https:\/\/mtelektronika.hu\/#\/schema\/logo\/image\/\"}}]}<\/script>\n<!-- \/ Yoast SEO plugin. -->","yoast_head_json":{"title":"Tev\u00e9kenys\u00e9g - MT Elektronika","description":"MT Elektronika Kft. Elektronika Nagykanizsa. Telekommunik\u00e1ci\u00f3s h\u00e1l\u00f3zat \u00e9p\u00edt\u00e9se. Telefonvezet\u00e9s ki\u00e9p\u00edt\u00e9s. Interneth\u00e1l\u00f3zat ki\u00e9p\u00edt\u00e9se. V\u00e9gpont ki\u00e9p\u00edt\u00e9s. H\u00e1l\u00f3zatszerel\u00e9s.","robots":{"index":"index","follow":"follow","max-snippet":"max-snippet:-1","max-image-preview":"max-image-preview:large","max-video-preview":"max-video-preview:-1"},"canonical":"https:\/\/mtelektronika.hu\/?page_id=440","og_locale":"hu_HU","og_type":"article","og_title":"Tev\u00e9kenys\u00e9g - MT Elektronika","og_description":"MT Elektronika Kft. Elektronika Nagykanizsa. Telekommunik\u00e1ci\u00f3s h\u00e1l\u00f3zat \u00e9p\u00edt\u00e9se. Telefonvezet\u00e9s ki\u00e9p\u00edt\u00e9s. Interneth\u00e1l\u00f3zat ki\u00e9p\u00edt\u00e9se. V\u00e9gpont ki\u00e9p\u00edt\u00e9s. H\u00e1l\u00f3zatszerel\u00e9s.","og_url":"https:\/\/mtelektronika.hu\/?page_id=440","og_site_name":"MT Elektronika","article_modified_time":"2023-03-13T17:52:22+00:00","og_image":[{"url":"https:\/\/mtelektronika.hu\/wp-content\/uploads\/elementor\/thumbs\/rawpixel-795583-unsplash-copyright-min-pwej92mba77zyrpui1mph47wrzcd4wkin7iurof8k2.jpg"}],"twitter_card":"summary_large_image","twitter_misc":{"Becs\u00fclt olvas\u00e1si id\u0151":"1 perc"},"schema":{"@context":"https:\/\/schema.org","@graph":[{"@type":"WebPage","@id":"https:\/\/mtelektronika.hu\/?page_id=440","url":"https:\/\/mtelektronika.hu\/?page_id=440","name":"Tev\u00e9kenys\u00e9g - MT Elektronika","isPartOf":{"@id":"https:\/\/mtelektronika.hu\/#website"},"datePublished":"2023-03-13T17:28:02+00:00","dateModified":"2023-03-13T17:52:22+00:00","description":"MT Elektronika Kft. Elektronika Nagykanizsa. Telekommunik\u00e1ci\u00f3s h\u00e1l\u00f3zat \u00e9p\u00edt\u00e9se. Telefonvezet\u00e9s ki\u00e9p\u00edt\u00e9s. Interneth\u00e1l\u00f3zat ki\u00e9p\u00edt\u00e9se. V\u00e9gpont ki\u00e9p\u00edt\u00e9s. H\u00e1l\u00f3zatszerel\u00e9s.","breadcrumb":{"@id":"https:\/\/mtelektronika.hu\/?page_id=440#breadcrumb"},"inLanguage":"hu","potentialAction":[{"@type":"ReadAction","target":["https:\/\/mtelektronika.hu\/?page_id=440"]}]},{"@type":"BreadcrumbList","@id":"https:\/\/mtelektronika.hu\/?page_id=440#breadcrumb","itemListElement":[{"@type":"ListItem","position":1,"name":"Kezd\u0151lap","item":"https:\/\/mtelektronika.hu\/"},{"@type":"ListItem","position":2,"name":"Tev\u00e9kenys\u00e9g"}]},{"@type":"WebSite","@id":"https:\/\/mtelektronika.hu\/#website","url":"https:\/\/mtelektronika.hu\/","name":"MT Elektronika","description":"MT elektronika h\u00e1l\u00f3zat\u00e9p\u00edt\u00e9s","publisher":{"@id":"https:\/\/mtelektronika.hu\/#organization"},"potentialAction":[{"@type":"SearchAction","target":{"@type":"EntryPoint","urlTemplate":"https:\/\/mtelektronika.hu\/?s={search_term_string}"},"query-input":"required name=search_term_string"}],"inLanguage":"hu"},{"@type":"Organization","@id":"https:\/\/mtelektronika.hu\/#organization","name":"MT Elektronika","url":"https:\/\/mtelektronika.hu\/","logo":{"@type":"ImageObject","inLanguage":"hu","@id":"https:\/\/mtelektronika.hu\/#\/schema\/logo\/image\/","url":"https:\/\/mtelektronika.hu\/wp-content\/uploads\/2022\/10\/Logo32_512x588.png","contentUrl":"https:\/\/mtelektronika.hu\/wp-content\/uploads\/2022\/10\/Logo32_512x588.png","width":512,"height":288,"caption":"MT Elektronika"},"image":{"@id":"https:\/\/mtelektronika.hu\/#\/schema\/logo\/image\/"}}]}},"_links":{"self":[{"href":"https:\/\/mtelektronika.hu\/index.php?rest_route=\/wp\/v2\/pages\/440","targetHints":{"allow":["GET"]}}],"collection":[{"href":"https:\/\/mtelektronika.hu\/index.php?rest_route=\/wp\/v2\/pages"}],"about":[{"href":"https:\/\/mtelektronika.hu\/index.php?rest_route=\/wp\/v2\/types\/page"}],"author":[{"embeddable":true,"href":"https:\/\/mtelektronika.hu\/index.php?rest_route=\/wp\/v2\/users\/1"}],"replies":[{"embeddable":true,"href":"https:\/\/mtelektronika.hu\/index.php?rest_route=%2Fwp%2Fv2%2Fcomments&post=440"}],"version-history":[{"count":19,"href":"https:\/\/mtelektronika.hu\/index.php?rest_route=\/wp\/v2\/pages\/440\/revisions"}],"predecessor-version":[{"id":474,"href":"https:\/\/mtelektronika.hu\/index.php?rest_route=\/wp\/v2\/pages\/440\/revisions\/474"}],"wp:attachment":[{"href":"https:\/\/mtelektronika.hu\/index.php?rest_route=%2Fwp%2Fv2%2Fmedia&parent=440"}],"curies":[{"name":"wp","href":"https:\/\/api.w.org\/{rel}","templated":true}]}}